{"id":4715,"date":"2022-08-02T14:05:25","date_gmt":"2022-08-02T14:05:25","guid":{"rendered":"https:\/\/paulusminiatures.com\/?page_id=4715"},"modified":"2022-08-05T17:11:48","modified_gmt":"2022-08-05T17:11:48","slug":"legends","status":"publish","type":"page","link":"https:\/\/paulusminiatures.com\/de\/legends\/","title":{"rendered":"World Legends"},"content":{"rendered":"<div class=\"wpb-content-wrapper\"><div class=\"vc_row wpb_row vc_row-fluid edgtf-row-with-shadow\" ><div class=\"wpb_column vc_column_container vc_col-sm-12\"><div class=\"vc_column-inner\"><div class=\"wpb_wrapper\"><div class=\"wpb_revslider_element wpb_content_element\">\n\t\t\t<!-- START Figuras lend\u00e1rias REVOLUTION SLIDER 6.7.20 --><p class=\"rs-p-wp-fix\"><\/p>\n\t\t\t<rs-module-wrap id=\"rev_slider_6_1_wrapper\" data-source=\"gallery\" style=\"visibility:hidden;background:transparent;padding:0;margin:0px auto;margin-top:0;margin-bottom:0;\">\n\t\t\t\t<rs-module id=\"rev_slider_6_1\" style=\"\" data-version=\"6.7.20\">\n\t\t\t\t\t<rs-slides style=\"overflow: hidden; position: absolute;\">\n\t\t\t\t\t\t<rs-slide style=\"position: absolute;\" data-key=\"rs-6\" data-title=\"Slide\" data-anim=\"adpr:false;\">\n\t\t\t\t\t\t\t<img decoding=\"async\" src=\"\/\/paulusminiatures.com\/wp-content\/plugins\/slider-revolution-master\/sr6\/assets\/assets\/dummy.png\" alt=\"\" title=\"World Legends\" class=\"rev-slidebg tp-rs-img rs-lazyload\" data-lazyload=\"\/\/paulusminiatures.com\/wp-content\/uploads\/2022\/08\/nostradamusbg.png\" data-no-retina>\n<!---->\t\t\t\t\t<\/rs-slide>\n\t\t\t\t\t<\/rs-slides>\n\t\t\t\t<\/rs-module>\n\t\t\t\t<script>\n\t\t\t\t\tsetREVStartSize({c: 'rev_slider_6_1',rl:[1240,1024,778,480],el:[],gw:[1240],gh:[868],type:'hero',justify:'',layout:'fullwidth',mh:\"0\"});if (window.RS_MODULES!==undefined && window.RS_MODULES.modules!==undefined && window.RS_MODULES.modules[\"revslider61\"]!==undefined) {window.RS_MODULES.modules[\"revslider61\"].once = false;window.revapi6 = undefined;if (window.RS_MODULES.checkMinimal!==undefined) window.RS_MODULES.checkMinimal()}\n\t\t\t\t<\/script>\n\t\t\t<\/rs-module-wrap>\n\t\t\t<!-- END REVOLUTION SLIDER -->\n<\/div><\/div><\/div><\/div><\/div><div class=\"edgtf-row-grid-section-wrapper edgtf-content-aligment-center\"  ><div class=\"edgtf-row-grid-section\"><div data-vc-parallax=\"1.5\" class=\"vc_row wpb_row vc_row-fluid vc_custom_1622542746163 vc_row-has-fill vc_general vc_parallax vc_parallax-content-moving\" ><div class=\"wpb_column vc_column_container vc_col-sm-12\"><div class=\"vc_column-inner\"><div class=\"wpb_wrapper\"><div class=\"edgtf-section-title-holder  edgtf-st-standard\" style=\"padding: 0 0px;text-align: center\">\n\t<div class=\"edgtf-st-inner\">\n\t\t\t\t\t<h2 class=\"edgtf-st-title\" >\n\t\t\t\tMiniaturen<br \/>\t\t\t<\/h2>\n\t\t                    <div class=\"edgtf-st-separator\">\n            <img decoding=\"async\" width=\"125\" height=\"3\" src=\"https:\/\/paulusminiatures.com\/wp-content\/uploads\/2018\/06\/h3-slider-img-1.png\" class=\"attachment-full size-full\" alt=\"a\" srcset=\"https:\/\/paulusminiatures.com\/wp-content\/uploads\/2018\/06\/h3-slider-img-1.png 125w, https:\/\/paulusminiatures.com\/wp-content\/uploads\/2018\/06\/h3-slider-img-1-100x3.png 100w\" sizes=\"(max-width: 125px) 100vw, 125px\" \/>            <\/div>\n        \t\t\t<\/div>\n<\/div><div class=\"vc_empty_space\"   style=\"height: 62px\"><span class=\"vc_empty_space_inner\"><\/span><\/div><\/div><\/div><\/div><\/div><\/div><\/div><div class=\"edgtf-row-grid-section-wrapper\"  ><div class=\"edgtf-row-grid-section\"><div class=\"vc_row wpb_row vc_row-fluid\" ><div class=\"wpb_column vc_column_container vc_col-sm-12\"><div class=\"vc_column-inner vc_custom_1633965182299\"><div class=\"wpb_wrapper\"><div class=\"vc_tta-container\" data-vc-action=\"collapse\"><div class=\"vc_general vc_tta vc_tta-tabs vc_tta-color-grey vc_tta-style-outline vc_tta-shape-rounded vc_tta-spacing-1 vc_tta-o-no-fill vc_tta-tabs-position-bottom vc_tta-controls-align-center\"><div class=\"vc_tta-panels-container\"><div class=\"vc_tta-panels\"><div class=\"vc_tta-panel vc_active\" id=\"1634811557086-dcb64422-0d18\" data-vc-content=\".vc_tta-panel-body\"><div class=\"vc_tta-panel-heading\"><h4 class=\"vc_tta-panel-title\"><a href=\"#1634811557086-dcb64422-0d18\" data-vc-accordion data-vc-container=\".vc_tta-container\"><span class=\"vc_tta-title-text\">alle<\/span><\/a><\/h4><\/div><div class=\"vc_tta-panel-body\"><div class=\"woocommerce columns-4\"><ul class=\"products columns-4\">\n<li class=\"product type-product post-5727 status-publish first instock product_cat-world-legends has-post-thumbnail taxable shipping-taxable purchasable product-type-variable\">\n\t<div class=\"edgtf-pl-inner\"><div class=\"edgtf-pl-image\"><img decoding=\"async\" width=\"300\" height=\"300\" src=\"https:\/\/paulusminiatures.com\/wp-content\/uploads\/2024\/11\/9-3-300x300.png\" class=\"attachment-woocommerce_thumbnail size-woocommerce_thumbnail\" alt=\"Jesus\" srcset=\"https:\/\/paulusminiatures.com\/wp-content\/uploads\/2024\/11\/9-3-300x300.png 300w, https:\/\/paulusminiatures.com\/wp-content\/uploads\/2024\/11\/9-3-150x150.png 150w, https:\/\/paulusminiatures.com\/wp-content\/uploads\/2024\/11\/9-3-550x550.png 550w, https:\/\/paulusminiatures.com\/wp-content\/uploads\/2024\/11\/9-3-1100x1100.png 1100w, https:\/\/paulusminiatures.com\/wp-content\/uploads\/2024\/11\/9-3-100x100.png 100w\" sizes=\"(max-width: 300px) 100vw, 300px\" \/><div class=\"edgtf-pl-text\"><div class=\"edgtf-pl-text-outer\"><div class=\"edgtf-pl-text-inner\"><a href=\"https:\/\/paulusminiatures.com\/de\/produkt\/jesus-cristo\/\" aria-describedby=\"woocommerce_loop_add_to_cart_link_describedby_5727\" data-quantity=\"1\" class=\"button product_type_variable add_to_cart_button\" data-product_id=\"5727\" data-product_sku=\"WLJC\" aria-label=\"W\u00e4hlen Sie die Optionen f\u00fcr \u201eJesus\u201c\" rel=\"nofollow\" data-no-translation=\"\" data-trp-gettext=\"\" data-no-translation-aria-label=\"\">Ausf\u00fchrung w\u00e4hlen<\/a>\t<span id=\"woocommerce_loop_add_to_cart_link_describedby_5727\" class=\"screen-reader-text\">\n\t\tDieses Produkt weist mehrere Varianten auf. Die Optionen k\u00f6nnen auf der Produktseite gew\u00e4hlt werden\t<\/span>\n<\/div><\/div><\/div><\/div><a href=\"https:\/\/paulusminiatures.com\/de\/produkt\/jesus-cristo\/\" class=\"woocommerce-LoopProduct-link woocommerce-loop-product__link\"><\/a><\/div><div class=\"edgtf-pl-text-wrapper\"><h5 class=\"edgtf-product-list-title\"><a href=\"https:\/\/paulusminiatures.com\/de\/produkt\/jesus-cristo\/\">Jesus<\/a><\/h5>\n\t<span class=\"price\"><span class=\"woocommerce-Price-amount amount\" aria-hidden=\"true\"><bdi><span class=\"woocommerce-Price-currencySymbol\">&euro;<\/span>10.00<\/bdi><\/span> <span aria-hidden=\"true\"> \u2013 <\/span> <span class=\"woocommerce-Price-amount amount\" aria-hidden=\"true\"><bdi><span class=\"woocommerce-Price-currencySymbol\">&euro;<\/span>30.00<\/bdi><\/span><span class=\"screen-reader-text\" data-no-translation=\"\" data-trp-gettext=\"\">Preisspanne: &euro;10.00 bis &euro;30.00<\/span><p class=\"stock in-stock in_stock_color woo-custom-stock-status\" data-no-translation=\"\" data-trp-gettext=\"\">Em Stock<\/p><\/span>\n\t\t\t<span class=\"edgtf-pl-category\"><a href=\"https:\/\/paulusminiatures.com\/de\/product-category\/world-legends\/\" rel=\"tag\">World Legends<\/a><\/span>\n\t\t<\/div><\/li><li class=\"product type-product post-4815 status-publish instock product_cat-world-legends has-post-thumbnail taxable shipping-taxable purchasable product-type-variable\">\n\t<div class=\"edgtf-pl-inner\"><div class=\"edgtf-pl-image\"><img decoding=\"async\" width=\"300\" height=\"300\" src=\"https:\/\/paulusminiatures.com\/wp-content\/uploads\/2022\/08\/1661263359948blob-300x300.png\" class=\"attachment-woocommerce_thumbnail size-woocommerce_thumbnail\" alt=\"Leonardo Da Vinci\" srcset=\"https:\/\/paulusminiatures.com\/wp-content\/uploads\/2022\/08\/1661263359948blob-300x300.png 300w, https:\/\/paulusminiatures.com\/wp-content\/uploads\/2022\/08\/1661263359948blob-150x150.png 150w, https:\/\/paulusminiatures.com\/wp-content\/uploads\/2022\/08\/1661263359948blob-550x550.png 550w, https:\/\/paulusminiatures.com\/wp-content\/uploads\/2022\/08\/1661263359948blob-1100x1100.png 1100w, https:\/\/paulusminiatures.com\/wp-content\/uploads\/2022\/08\/1661263359948blob-100x100.png 100w\" sizes=\"(max-width: 300px) 100vw, 300px\" \/><div class=\"edgtf-pl-text\"><div class=\"edgtf-pl-text-outer\"><div class=\"edgtf-pl-text-inner\"><a href=\"https:\/\/paulusminiatures.com\/de\/produkt\/leonardo-da-vinci\/\" aria-describedby=\"woocommerce_loop_add_to_cart_link_describedby_4815\" data-quantity=\"1\" class=\"button product_type_variable add_to_cart_button\" data-product_id=\"4815\" data-product_sku=\"WLLD\" aria-label=\"W\u00e4hlen Sie die Optionen f\u00fcr \u201eLeonardo Da Vinci\u201c\" rel=\"nofollow\" data-no-translation=\"\" data-trp-gettext=\"\" data-no-translation-aria-label=\"\">Ausf\u00fchrung w\u00e4hlen<\/a>\t<span id=\"woocommerce_loop_add_to_cart_link_describedby_4815\" class=\"screen-reader-text\">\n\t\tDieses Produkt weist mehrere Varianten auf. Die Optionen k\u00f6nnen auf der Produktseite gew\u00e4hlt werden\t<\/span>\n<\/div><\/div><\/div><\/div><a href=\"https:\/\/paulusminiatures.com\/de\/produkt\/leonardo-da-vinci\/\" class=\"woocommerce-LoopProduct-link woocommerce-loop-product__link\"><\/a><\/div><div class=\"edgtf-pl-text-wrapper\"><h5 class=\"edgtf-product-list-title\"><a href=\"https:\/\/paulusminiatures.com\/de\/produkt\/leonardo-da-vinci\/\">Leonardo Da Vinci<\/a><\/h5>\n\t<span class=\"price\"><span class=\"woocommerce-Price-amount amount\" aria-hidden=\"true\"><bdi><span class=\"woocommerce-Price-currencySymbol\">&euro;<\/span>17.00<\/bdi><\/span> <span aria-hidden=\"true\"> \u2013 <\/span> <span class=\"woocommerce-Price-amount amount\" aria-hidden=\"true\"><bdi><span class=\"woocommerce-Price-currencySymbol\">&euro;<\/span>35.00<\/bdi><\/span><span class=\"screen-reader-text\" data-no-translation=\"\" data-trp-gettext=\"\">Preisspanne: &euro;17.00 bis &euro;35.00<\/span><p class=\"stock in-stock in_stock_color woo-custom-stock-status\" data-no-translation=\"\" data-trp-gettext=\"\">Em Stock<\/p><\/span>\n\t\t\t<span class=\"edgtf-pl-category\"><a href=\"https:\/\/paulusminiatures.com\/de\/product-category\/world-legends\/\" rel=\"tag\">World Legends<\/a><\/span>\n\t\t<\/div><\/li><li class=\"product type-product post-5761 status-publish instock product_cat-world-legends has-post-thumbnail taxable shipping-taxable purchasable product-type-variable\">\n\t<div class=\"edgtf-pl-inner\"><div class=\"edgtf-pl-image\"><img decoding=\"async\" width=\"300\" height=\"300\" src=\"https:\/\/paulusminiatures.com\/wp-content\/uploads\/2025\/01\/13-3-300x300.png\" class=\"attachment-woocommerce_thumbnail size-woocommerce_thumbnail\" alt=\"Matilde di Canossa\" srcset=\"https:\/\/paulusminiatures.com\/wp-content\/uploads\/2025\/01\/13-3-300x300.png 300w, https:\/\/paulusminiatures.com\/wp-content\/uploads\/2025\/01\/13-3-150x150.png 150w, https:\/\/paulusminiatures.com\/wp-content\/uploads\/2025\/01\/13-3-550x550.png 550w, https:\/\/paulusminiatures.com\/wp-content\/uploads\/2025\/01\/13-3-1100x1100.png 1100w, https:\/\/paulusminiatures.com\/wp-content\/uploads\/2025\/01\/13-3-100x100.png 100w\" sizes=\"(max-width: 300px) 100vw, 300px\" \/><div class=\"edgtf-pl-text\"><div class=\"edgtf-pl-text-outer\"><div class=\"edgtf-pl-text-inner\"><a href=\"https:\/\/paulusminiatures.com\/de\/produkt\/matilde-di-canossa\/\" aria-describedby=\"woocommerce_loop_add_to_cart_link_describedby_5761\" data-quantity=\"1\" class=\"button product_type_variable add_to_cart_button\" data-product_id=\"5761\" data-product_sku=\"WLMC\" aria-label=\"W\u00e4hlen Sie die Optionen f\u00fcr \u201eMatilde di Canossa\u201c\" rel=\"nofollow\" data-no-translation=\"\" data-trp-gettext=\"\" data-no-translation-aria-label=\"\">Ausf\u00fchrung w\u00e4hlen<\/a>\t<span id=\"woocommerce_loop_add_to_cart_link_describedby_5761\" class=\"screen-reader-text\">\n\t\tDieses Produkt weist mehrere Varianten auf. Die Optionen k\u00f6nnen auf der Produktseite gew\u00e4hlt werden\t<\/span>\n<\/div><\/div><\/div><\/div><a href=\"https:\/\/paulusminiatures.com\/de\/produkt\/matilde-di-canossa\/\" class=\"woocommerce-LoopProduct-link woocommerce-loop-product__link\"><\/a><\/div><div class=\"edgtf-pl-text-wrapper\"><h5 class=\"edgtf-product-list-title\"><a href=\"https:\/\/paulusminiatures.com\/de\/produkt\/matilde-di-canossa\/\">Matilde di Canossa<\/a><\/h5>\n\t<span class=\"price\"><span class=\"woocommerce-Price-amount amount\" aria-hidden=\"true\"><bdi><span class=\"woocommerce-Price-currencySymbol\">&euro;<\/span>10.00<\/bdi><\/span> <span aria-hidden=\"true\"> \u2013 <\/span> <span class=\"woocommerce-Price-amount amount\" aria-hidden=\"true\"><bdi><span class=\"woocommerce-Price-currencySymbol\">&euro;<\/span>30.00<\/bdi><\/span><span class=\"screen-reader-text\" data-no-translation=\"\" data-trp-gettext=\"\">Preisspanne: &euro;10.00 bis &euro;30.00<\/span><p class=\"stock in-stock in_stock_color woo-custom-stock-status\" data-no-translation=\"\" data-trp-gettext=\"\">Em Stock<\/p><\/span>\n\t\t\t<span class=\"edgtf-pl-category\"><a href=\"https:\/\/paulusminiatures.com\/de\/product-category\/world-legends\/\" rel=\"tag\">World Legends<\/a><\/span>\n\t\t<\/div><\/li><li class=\"product type-product post-4752 status-publish last instock product_cat-world-legends has-post-thumbnail taxable shipping-taxable purchasable product-type-variable\">\n\t<div class=\"edgtf-pl-inner\"><div class=\"edgtf-pl-image\"><img decoding=\"async\" width=\"300\" height=\"300\" src=\"https:\/\/paulusminiatures.com\/wp-content\/uploads\/2022\/08\/Render-8-300x300.png\" class=\"attachment-woocommerce_thumbnail size-woocommerce_thumbnail\" alt=\"Nostradamus\" srcset=\"https:\/\/paulusminiatures.com\/wp-content\/uploads\/2022\/08\/Render-8-300x300.png 300w, https:\/\/paulusminiatures.com\/wp-content\/uploads\/2022\/08\/Render-8-150x150.png 150w, https:\/\/paulusminiatures.com\/wp-content\/uploads\/2022\/08\/Render-8-550x550.png 550w, https:\/\/paulusminiatures.com\/wp-content\/uploads\/2022\/08\/Render-8-100x100.png 100w\" sizes=\"(max-width: 300px) 100vw, 300px\" \/><div class=\"edgtf-pl-text\"><div class=\"edgtf-pl-text-outer\"><div class=\"edgtf-pl-text-inner\"><a href=\"https:\/\/paulusminiatures.com\/de\/produkt\/nostradamus\/\" aria-describedby=\"woocommerce_loop_add_to_cart_link_describedby_4752\" data-quantity=\"1\" class=\"button product_type_variable add_to_cart_button\" data-product_id=\"4752\" data-product_sku=\"WLN\" aria-label=\"W\u00e4hlen Sie die Optionen f\u00fcr \u201eNostradamus\u201c\" rel=\"nofollow\" data-no-translation=\"\" data-trp-gettext=\"\" data-no-translation-aria-label=\"\">Ausf\u00fchrung w\u00e4hlen<\/a>\t<span id=\"woocommerce_loop_add_to_cart_link_describedby_4752\" class=\"screen-reader-text\">\n\t\tDieses Produkt weist mehrere Varianten auf. Die Optionen k\u00f6nnen auf der Produktseite gew\u00e4hlt werden\t<\/span>\n<\/div><\/div><\/div><\/div><a href=\"https:\/\/paulusminiatures.com\/de\/produkt\/nostradamus\/\" class=\"woocommerce-LoopProduct-link woocommerce-loop-product__link\"><\/a><\/div><div class=\"edgtf-pl-text-wrapper\"><h5 class=\"edgtf-product-list-title\"><a href=\"https:\/\/paulusminiatures.com\/de\/produkt\/nostradamus\/\">Nostradamus<\/a><\/h5>\n\t<span class=\"price\"><span class=\"woocommerce-Price-amount amount\" aria-hidden=\"true\"><bdi><span class=\"woocommerce-Price-currencySymbol\">&euro;<\/span>6.00<\/bdi><\/span> <span aria-hidden=\"true\"> \u2013 <\/span> <span class=\"woocommerce-Price-amount amount\" aria-hidden=\"true\"><bdi><span class=\"woocommerce-Price-currencySymbol\">&euro;<\/span>30.00<\/bdi><\/span><span class=\"screen-reader-text\" data-no-translation=\"\" data-trp-gettext=\"\">Preisspanne: &euro;6.00 bis &euro;30.00<\/span><p class=\"stock in-stock in_stock_color woo-custom-stock-status\" data-no-translation=\"\" data-trp-gettext=\"\">Em Stock<\/p><\/span>\n\t\t\t<span class=\"edgtf-pl-category\"><a href=\"https:\/\/paulusminiatures.com\/de\/product-category\/world-legends\/\" rel=\"tag\">World Legends<\/a><\/span>\n\t\t<\/div><\/li><\/ul>\n<\/div><\/div><\/div><\/div><\/div><div class=\"vc_tta-tabs-container\"><ul class=\"vc_tta-tabs-list\" role=\"tablist\"><li class=\"vc_tta-tab vc_active\" data-vc-tab role=\"presentation\"><a href=\"#1634811557086-dcb64422-0d18\" data-vc-tabs data-vc-container=\".vc_tta\" role=\"tab\" aria-selected=\"false\" id=\"tab-1634811557086-dcb64422-0d18\"><span class=\"vc_tta-title-text\">alle<\/span><\/a><\/li><\/ul><\/div><\/div><\/div><\/div><\/div><\/div><\/div><\/div><\/div><div class=\"vc_row wpb_row vc_row-fluid\" ><div class=\"wpb_column vc_column_container vc_col-sm-12\"><div class=\"vc_column-inner\"><div class=\"wpb_wrapper\">\n\t<div class=\"wpb_raw_code wpb_raw_js\" >\n\t\t<div class=\"wpb_wrapper\">\n\t\t\t<script type=\"text\/javascript\"> \nlet tabOne = document.querySelectorAll('.tab-cat')[1];\nlet tabTwo = document.querySelectorAll('.tab-cat')[2];\nlet tabThree = document.querySelectorAll('.tab-cat')[3];\nlet tabEdu = document.querySelectorAll('.tab-cat')[0];\nlet tabs = document.querySelectorAll('.vc_tta-tab');\ntabOne.addEventListener('click',()=>{\ntabs[1].children[0].click();\n});\ntabTwo.addEventListener('click',()=>{\ntabs[2].children[0].click();\n});\ntabThree.addEventListener('click',()=>{\ntabs[3].children[0].click();\n});\ntabEdu.addEventListener('click',()=>{\ntabs[0].children[0].click();\n});\n\n\n\n\n\n\n<\/script>\n\t\t<\/div>\n\t<\/div>\n<\/div><\/div><\/div><\/div>\n<\/div>","protected":false},"excerpt":{"rendered":"As miniaturas Todos Ausf\u00fchrung w\u00e4hlen Dieses Produkt weist mehrere Varianten auf. Die Optionen k\u00f6nnen auf der Produktseite gew\u00e4hlt werden Jesus &euro;10.00 \u2013 &euro;30.00Preisspanne: &euro;10.00 bis &euro;30.00Em Stock World Legends Ausf\u00fchrung w\u00e4hlen Dieses Produkt weist mehrere Varianten auf. Die Optionen k\u00f6nnen auf der Produktseite gew\u00e4hlt werden Leonardo [...]","protected":false},"author":1,"featured_media":4756,"parent":0,"menu_order":0,"comment_status":"closed","ping_status":"closed","template":"full-width.php","meta":{"footnotes":""},"class_list":["post-4715","page","type-page","status-publish","has-post-thumbnail","hentry"],"aioseo_notices":[],"_links":{"self":[{"href":"https:\/\/paulusminiatures.com\/de\/wp-json\/wp\/v2\/pages\/4715","targetHints":{"allow":["GET"]}}],"collection":[{"href":"https:\/\/paulusminiatures.com\/de\/wp-json\/wp\/v2\/pages"}],"about":[{"href":"https:\/\/paulusminiatures.com\/de\/wp-json\/wp\/v2\/types\/page"}],"author":[{"embeddable":true,"href":"https:\/\/paulusminiatures.com\/de\/wp-json\/wp\/v2\/users\/1"}],"replies":[{"embeddable":true,"href":"https:\/\/paulusminiatures.com\/de\/wp-json\/wp\/v2\/comments?post=4715"}],"version-history":[{"count":0,"href":"https:\/\/paulusminiatures.com\/de\/wp-json\/wp\/v2\/pages\/4715\/revisions"}],"wp:featuredmedia":[{"embeddable":true,"href":"https:\/\/paulusminiatures.com\/de\/wp-json\/wp\/v2\/media\/4756"}],"wp:attachment":[{"href":"https:\/\/paulusminiatures.com\/de\/wp-json\/wp\/v2\/media?parent=4715"}],"curies":[{"name":"wp","href":"https:\/\/api.w.org\/{rel}","templated":true}]}}