{"id":5130,"date":"2023-07-04T17:16:24","date_gmt":"2023-07-04T17:16:24","guid":{"rendered":"https:\/\/paulusminiatures.com\/?page_id=5130"},"modified":"2023-07-04T17:33:07","modified_gmt":"2023-07-04T17:33:07","slug":"sci-fi","status":"publish","type":"page","link":"https:\/\/paulusminiatures.com\/de\/sci-fi\/","title":{"rendered":"Sci-fi"},"content":{"rendered":"<div class=\"wpb-content-wrapper\"><div class=\"vc_row wpb_row vc_row-fluid edgtf-row-with-shadow\" ><div class=\"wpb_column vc_column_container vc_col-sm-12\"><div class=\"vc_column-inner\"><div class=\"wpb_wrapper\"><div class=\"wpb_revslider_element wpb_content_element\">\n\t\t\t<!-- START scifi REVOLUTION SLIDER 6.7.20 --><p class=\"rs-p-wp-fix\"><\/p>\n\t\t\t<rs-module-wrap id=\"rev_slider_10_1_wrapper\" data-source=\"gallery\" style=\"visibility:hidden;background:transparent;padding:0;margin:0px auto;margin-top:0;margin-bottom:0;\">\n\t\t\t\t<rs-module id=\"rev_slider_10_1\" style=\"\" data-version=\"6.7.20\">\n\t\t\t\t\t<rs-slides style=\"overflow: hidden; position: absolute;\">\n\t\t\t\t\t\t<rs-slide style=\"position: absolute;\" data-key=\"rs-10\" data-title=\"Slide\" data-anim=\"adpr:false;\">\n\t\t\t\t\t\t\t<img decoding=\"async\" src=\"\/\/paulusminiatures.com\/wp-content\/plugins\/slider-revolution-master\/sr6\/assets\/assets\/dummy.png\" alt=\"\" title=\"Sci-fi\" class=\"rev-slidebg tp-rs-img rs-lazyload\" data-lazyload=\"\/\/paulusminiatures.com\/wp-content\/uploads\/2023\/07\/mimic-1.png\" data-bg=\"f:contain;\" data-no-retina>\n<!---->\t\t\t\t\t<\/rs-slide>\n\t\t\t\t\t<\/rs-slides>\n\t\t\t\t<\/rs-module>\n\t\t\t\t<script>\n\t\t\t\t\tsetREVStartSize({c: 'rev_slider_10_1',rl:[1240,1024,778,480],el:[],gw:[1240],gh:[868],type:'hero',justify:'',layout:'fullwidth',mh:\"0\"});if (window.RS_MODULES!==undefined && window.RS_MODULES.modules!==undefined && window.RS_MODULES.modules[\"revslider101\"]!==undefined) {window.RS_MODULES.modules[\"revslider101\"].once = false;window.revapi10 = undefined;if (window.RS_MODULES.checkMinimal!==undefined) window.RS_MODULES.checkMinimal()}\n\t\t\t\t<\/script>\n\t\t\t<\/rs-module-wrap>\n\t\t\t<!-- END REVOLUTION SLIDER -->\n<\/div><\/div><\/div><\/div><\/div><div class=\"edgtf-row-grid-section-wrapper edgtf-content-aligment-center\"  ><div class=\"edgtf-row-grid-section\"><div data-vc-parallax=\"1.5\" class=\"vc_row wpb_row vc_row-fluid vc_custom_1622542746163 vc_row-has-fill vc_general vc_parallax vc_parallax-content-moving\" ><div class=\"wpb_column vc_column_container vc_col-sm-12\"><div class=\"vc_column-inner\"><div class=\"wpb_wrapper\"><div class=\"edgtf-section-title-holder  edgtf-st-standard\" style=\"padding: 0 0px;text-align: center\">\n\t<div class=\"edgtf-st-inner\">\n\t\t\t\t\t<h2 class=\"edgtf-st-title\" >\n\t\t\t\tMiniaturen<br \/>\t\t\t<\/h2>\n\t\t                    <div class=\"edgtf-st-separator\">\n            <img decoding=\"async\" width=\"125\" height=\"3\" src=\"https:\/\/paulusminiatures.com\/wp-content\/uploads\/2018\/06\/h3-slider-img-1.png\" class=\"attachment-full size-full\" alt=\"a\" srcset=\"https:\/\/paulusminiatures.com\/wp-content\/uploads\/2018\/06\/h3-slider-img-1.png 125w, https:\/\/paulusminiatures.com\/wp-content\/uploads\/2018\/06\/h3-slider-img-1-100x3.png 100w\" sizes=\"(max-width: 125px) 100vw, 125px\" \/>            <\/div>\n        \t\t\t<\/div>\n<\/div><div class=\"vc_empty_space\"   style=\"height: 62px\"><span class=\"vc_empty_space_inner\"><\/span><\/div><\/div><\/div><\/div><\/div><\/div><\/div><div class=\"edgtf-row-grid-section-wrapper\"  ><div class=\"edgtf-row-grid-section\"><div class=\"vc_row wpb_row vc_row-fluid\" ><div class=\"wpb_column vc_column_container vc_col-sm-12\"><div class=\"vc_column-inner vc_custom_1633965182299\"><div class=\"wpb_wrapper\"><div class=\"vc_tta-container\" data-vc-action=\"collapse\"><div class=\"vc_general vc_tta vc_tta-tabs vc_tta-color-grey vc_tta-style-outline vc_tta-shape-rounded vc_tta-spacing-1 vc_tta-o-no-fill vc_tta-tabs-position-bottom vc_tta-controls-align-center\"><div class=\"vc_tta-panels-container\"><div class=\"vc_tta-panels\"><div class=\"vc_tta-panel vc_active\" id=\"1634811557086-dcb64422-0d18\" data-vc-content=\".vc_tta-panel-body\"><div class=\"vc_tta-panel-heading\"><h4 class=\"vc_tta-panel-title\"><a href=\"#1634811557086-dcb64422-0d18\" data-vc-accordion data-vc-container=\".vc_tta-container\"><span class=\"vc_tta-title-text\">alle<\/span><\/a><\/h4><\/div><div class=\"vc_tta-panel-body\"><div class=\"woocommerce columns-4\"><ul class=\"products columns-4\">\n<li class=\"product type-product post-5121 status-publish first instock product_cat-sci-fi has-post-thumbnail taxable shipping-taxable purchasable product-type-variable\">\n\t<div class=\"edgtf-pl-inner\"><div class=\"edgtf-pl-image\"><img decoding=\"async\" width=\"300\" height=\"300\" src=\"https:\/\/paulusminiatures.com\/wp-content\/uploads\/2023\/07\/mimic-1-300x300.png\" class=\"attachment-woocommerce_thumbnail size-woocommerce_thumbnail\" alt=\"Mimic\" srcset=\"https:\/\/paulusminiatures.com\/wp-content\/uploads\/2023\/07\/mimic-1-300x300.png 300w, https:\/\/paulusminiatures.com\/wp-content\/uploads\/2023\/07\/mimic-1-150x150.png 150w, https:\/\/paulusminiatures.com\/wp-content\/uploads\/2023\/07\/mimic-1-550x550.png 550w, https:\/\/paulusminiatures.com\/wp-content\/uploads\/2023\/07\/mimic-1-1100x1100.png 1100w, https:\/\/paulusminiatures.com\/wp-content\/uploads\/2023\/07\/mimic-1-100x100.png 100w\" sizes=\"(max-width: 300px) 100vw, 300px\" \/><div class=\"edgtf-pl-text\"><div class=\"edgtf-pl-text-outer\"><div class=\"edgtf-pl-text-inner\"><a href=\"https:\/\/paulusminiatures.com\/de\/produkt\/mimic\/\" aria-describedby=\"woocommerce_loop_add_to_cart_link_describedby_5121\" data-quantity=\"1\" class=\"button product_type_variable add_to_cart_button\" data-product_id=\"5121\" data-product_sku=\"SFM01\" aria-label=\"W\u00e4hlen Sie die Optionen f\u00fcr \u201eMimic\u201c\" rel=\"nofollow\" data-no-translation=\"\" data-trp-gettext=\"\" data-no-translation-aria-label=\"\">Ausf\u00fchrung w\u00e4hlen<\/a>\t<span id=\"woocommerce_loop_add_to_cart_link_describedby_5121\" class=\"screen-reader-text\">\n\t\tDieses Produkt weist mehrere Varianten auf. Die Optionen k\u00f6nnen auf der Produktseite gew\u00e4hlt werden\t<\/span>\n<\/div><\/div><\/div><\/div><a href=\"https:\/\/paulusminiatures.com\/de\/produkt\/mimic\/\" class=\"woocommerce-LoopProduct-link woocommerce-loop-product__link\"><\/a><\/div><div class=\"edgtf-pl-text-wrapper\"><h5 class=\"edgtf-product-list-title\"><a href=\"https:\/\/paulusminiatures.com\/de\/produkt\/mimic\/\">Mimic<\/a><\/h5>\n\t<span class=\"price\"><span class=\"woocommerce-Price-amount amount\"><bdi><span class=\"woocommerce-Price-currencySymbol\">&euro;<\/span>11.00<\/bdi><\/span><p class=\"stock in-stock in_stock_color woo-custom-stock-status\" data-no-translation=\"\" data-trp-gettext=\"\">Em Stock<\/p><\/span>\n\t\t\t<span class=\"edgtf-pl-category\"><a href=\"https:\/\/paulusminiatures.com\/de\/product-category\/sci-fi\/\" rel=\"tag\">Sci-fi<\/a><\/span>\n\t\t<\/div><\/li><\/ul>\n<\/div><\/div><\/div><\/div><\/div><div class=\"vc_tta-tabs-container\"><ul class=\"vc_tta-tabs-list\" role=\"tablist\"><li class=\"vc_tta-tab vc_active\" data-vc-tab role=\"presentation\"><a href=\"#1634811557086-dcb64422-0d18\" data-vc-tabs data-vc-container=\".vc_tta\" role=\"tab\" aria-selected=\"false\" id=\"tab-1634811557086-dcb64422-0d18\"><span class=\"vc_tta-title-text\">alle<\/span><\/a><\/li><\/ul><\/div><\/div><\/div><\/div><\/div><\/div><\/div><\/div><\/div><div class=\"vc_row wpb_row vc_row-fluid\" ><div class=\"wpb_column vc_column_container vc_col-sm-12\"><div class=\"vc_column-inner\"><div class=\"wpb_wrapper\">\n\t<div class=\"wpb_raw_code wpb_raw_js\" >\n\t\t<div class=\"wpb_wrapper\">\n\t\t\t<script type=\"text\/javascript\"> \nlet tabOne = document.querySelectorAll('.tab-cat')[1];\nlet tabTwo = document.querySelectorAll('.tab-cat')[2];\nlet tabThree = document.querySelectorAll('.tab-cat')[3];\nlet tabEdu = document.querySelectorAll('.tab-cat')[0];\nlet tabs = document.querySelectorAll('.vc_tta-tab');\ntabOne.addEventListener('click',()=>{\ntabs[1].children[0].click();\n});\ntabTwo.addEventListener('click',()=>{\ntabs[2].children[0].click();\n});\ntabThree.addEventListener('click',()=>{\ntabs[3].children[0].click();\n});\ntabEdu.addEventListener('click',()=>{\ntabs[0].children[0].click();\n});\n\n\n\n\n\n\n<\/script>\n\t\t<\/div>\n\t<\/div>\n<\/div><\/div><\/div><\/div>\n<\/div>","protected":false},"excerpt":{"rendered":"As miniaturas Todos Ausf\u00fchrung w\u00e4hlen Dieses Produkt weist mehrere Varianten auf. Die Optionen k\u00f6nnen auf der Produktseite gew\u00e4hlt werden Mimic &euro;11.00Em Stock Sci-fi Todos","protected":false},"author":1,"featured_media":5125,"parent":0,"menu_order":0,"comment_status":"closed","ping_status":"closed","template":"full-width.php","meta":{"footnotes":""},"class_list":["post-5130","page","type-page","status-publish","has-post-thumbnail","hentry"],"aioseo_notices":[],"_links":{"self":[{"href":"https:\/\/paulusminiatures.com\/de\/wp-json\/wp\/v2\/pages\/5130","targetHints":{"allow":["GET"]}}],"collection":[{"href":"https:\/\/paulusminiatures.com\/de\/wp-json\/wp\/v2\/pages"}],"about":[{"href":"https:\/\/paulusminiatures.com\/de\/wp-json\/wp\/v2\/types\/page"}],"author":[{"embeddable":true,"href":"https:\/\/paulusminiatures.com\/de\/wp-json\/wp\/v2\/users\/1"}],"replies":[{"embeddable":true,"href":"https:\/\/paulusminiatures.com\/de\/wp-json\/wp\/v2\/comments?post=5130"}],"version-history":[{"count":0,"href":"https:\/\/paulusminiatures.com\/de\/wp-json\/wp\/v2\/pages\/5130\/revisions"}],"wp:featuredmedia":[{"embeddable":true,"href":"https:\/\/paulusminiatures.com\/de\/wp-json\/wp\/v2\/media\/5125"}],"wp:attachment":[{"href":"https:\/\/paulusminiatures.com\/de\/wp-json\/wp\/v2\/media?parent=5130"}],"curies":[{"name":"wp","href":"https:\/\/api.w.org\/{rel}","templated":true}]}}