{"id":3692,"date":"2021-03-03T11:53:21","date_gmt":"2021-03-03T11:53:21","guid":{"rendered":"https:\/\/miniaturas.creativediscovery.pt\/produto\/import-placeholder-for-103\/"},"modified":"2021-10-02T19:54:15","modified_gmt":"2021-10-02T19:54:15","slug":"smilodon-stalking","status":"publish","type":"product","link":"https:\/\/paulusminiatures.com\/de\/produkt\/smilodon-stalking\/","title":{"rendered":"Smilodon-Jagd"},"content":{"rendered":"<p>Ma\u00dfstabsgetreues Modell aus hochwertigem Resin, unbemalt. Enth\u00e4lt kleine und zerbrechliche Teile. Erforderliche Montage (mit Sekundenkleber-Gel) pro Erwachsenem oder \u00e4lter als 14 Jahre. Dieses St\u00fcck hat nicht die auf dem Foto dargestellte Basis, die nur \u00e4sthetischen Zwecken dient.<\/p>","protected":false},"excerpt":{"rendered":"<p>Ma\u00dfstabsgetreues Modell aus hochwertigem Resin, unbemalt. Enth\u00e4lt kleine und zerbrechliche Teile. Erforderliche Montage (mit Sekundenkleber-Gel) pro Erwachsenem oder \u00e4lter als 14 Jahre. Dieses St\u00fcck hat nicht die auf dem Foto dargestellte Basis, die nur \u00e4sthetischen Zwecken dient.<\/p>","protected":false},"featured_media":4062,"template":"","meta":[],"product_brand":[],"product_cat":[198,195],"product_tag":[],"class_list":{"0":"post-3692","1":"product","2":"type-product","3":"status-publish","4":"has-post-thumbnail","6":"product_cat-animais","7":"product_cat-pre-historia","9":"first","10":"instock","11":"taxable","12":"shipping-taxable","13":"purchasable","14":"product-type-variable"},"aioseo_notices":[],"_links":{"self":[{"href":"https:\/\/paulusminiatures.com\/de\/wp-json\/wp\/v2\/product\/3692","targetHints":{"allow":["GET"]}}],"collection":[{"href":"https:\/\/paulusminiatures.com\/de\/wp-json\/wp\/v2\/product"}],"about":[{"href":"https:\/\/paulusminiatures.com\/de\/wp-json\/wp\/v2\/types\/product"}],"wp:featuredmedia":[{"embeddable":true,"href":"https:\/\/paulusminiatures.com\/de\/wp-json\/wp\/v2\/media\/4062"}],"wp:attachment":[{"href":"https:\/\/paulusminiatures.com\/de\/wp-json\/wp\/v2\/media?parent=3692"}],"wp:term":[{"taxonomy":"product_brand","embeddable":true,"href":"https:\/\/paulusminiatures.com\/de\/wp-json\/wp\/v2\/product_brand?post=3692"},{"taxonomy":"product_cat","embeddable":true,"href":"https:\/\/paulusminiatures.com\/de\/wp-json\/wp\/v2\/product_cat?post=3692"},{"taxonomy":"product_tag","embeddable":true,"href":"https:\/\/paulusminiatures.com\/de\/wp-json\/wp\/v2\/product_tag?post=3692"}],"curies":[{"name":"wp","href":"https:\/\/api.w.org\/{rel}","templated":true}]}}