{"id":3695,"date":"2021-03-03T11:53:30","date_gmt":"2021-03-03T11:53:30","guid":{"rendered":"https:\/\/miniaturas.creativediscovery.pt\/produto\/import-placeholder-for-106\/"},"modified":"2021-06-24T15:28:00","modified_gmt":"2021-06-24T15:28:00","slug":"wolf-sitting","status":"publish","type":"product","link":"https:\/\/paulusminiatures.com\/de\/produkt\/wolf-sitting\/","title":{"rendered":"Wolf Sitzend"},"content":{"rendered":"<p>Ma\u00dfstabsgetreues Modell aus hochwertigem Resin, unbemalt. Enth\u00e4lt kleine und zerbrechliche Teile. Erforderliche Montage (mit Sekundenkleber-Gel) pro Erwachsenem oder \u00e4lter als 14 Jahre. HINWEIS: Die Figur ist nicht im Lieferumfang enthalten, sie erscheint nur zu Ma\u00dfstabsvergleichszwecken auf dem Foto.<\/p>","protected":false},"excerpt":{"rendered":"<p>Ma\u00dfstabsgetreues Modell aus hochwertigem Resin, unbemalt. Enth\u00e4lt kleine und zerbrechliche Teile. Erforderliche Montage (mit Sekundenkleber-Gel) pro Erwachsenem oder \u00e4lter als 14 Jahre. HINWEIS: Die Figur ist nicht im Lieferumfang enthalten, sie erscheint nur zu Ma\u00dfstabsvergleichszwecken auf dem Foto.<\/p>","protected":false},"featured_media":3965,"template":"","meta":[],"product_brand":[],"product_cat":[198,195],"product_tag":[],"class_list":{"0":"post-3695","1":"product","2":"type-product","3":"status-publish","4":"has-post-thumbnail","6":"product_cat-animais","7":"product_cat-pre-historia","9":"first","10":"instock","11":"taxable","12":"shipping-taxable","13":"purchasable","14":"product-type-variable"},"aioseo_notices":[],"_links":{"self":[{"href":"https:\/\/paulusminiatures.com\/de\/wp-json\/wp\/v2\/product\/3695","targetHints":{"allow":["GET"]}}],"collection":[{"href":"https:\/\/paulusminiatures.com\/de\/wp-json\/wp\/v2\/product"}],"about":[{"href":"https:\/\/paulusminiatures.com\/de\/wp-json\/wp\/v2\/types\/product"}],"wp:featuredmedia":[{"embeddable":true,"href":"https:\/\/paulusminiatures.com\/de\/wp-json\/wp\/v2\/media\/3965"}],"wp:attachment":[{"href":"https:\/\/paulusminiatures.com\/de\/wp-json\/wp\/v2\/media?parent=3695"}],"wp:term":[{"taxonomy":"product_brand","embeddable":true,"href":"https:\/\/paulusminiatures.com\/de\/wp-json\/wp\/v2\/product_brand?post=3695"},{"taxonomy":"product_cat","embeddable":true,"href":"https:\/\/paulusminiatures.com\/de\/wp-json\/wp\/v2\/product_cat?post=3695"},{"taxonomy":"product_tag","embeddable":true,"href":"https:\/\/paulusminiatures.com\/de\/wp-json\/wp\/v2\/product_tag?post=3695"}],"curies":[{"name":"wp","href":"https:\/\/api.w.org\/{rel}","templated":true}]}}