{"id":5306,"date":"2023-11-28T15:37:49","date_gmt":"2023-11-28T15:37:49","guid":{"rendered":"https:\/\/paulusminiatures.com\/?post_type=product&#038;p=5306"},"modified":"2023-12-19T10:31:48","modified_gmt":"2023-12-19T10:31:48","slug":"poster-da-historia-medieval","status":"publish","type":"product","link":"https:\/\/paulusminiatures.com\/de\/produkt\/poster-da-historia-medieval\/","title":{"rendered":"Poster da Hist\u00f3ria &#8211; Medieval"},"content":{"rendered":"<p>Poster A3 educacional da Paulus Miniaturas para a cole\u00e7\u00e3o Medieval.<\/p>","protected":false},"excerpt":{"rendered":"<p>Poster A3 educacional da Paulus Miniaturas para a cole\u00e7\u00e3o Medieval.<\/p>","protected":false},"featured_media":5307,"template":"","meta":[],"product_brand":[],"product_cat":[216,220],"product_tag":[],"class_list":{"0":"post-5306","1":"product","2":"type-product","3":"status-publish","4":"has-post-thumbnail","6":"product_cat-posters-historia","7":"product_cat-posters-medieval","9":"first","10":"instock","11":"taxable","12":"shipping-taxable","13":"purchasable","14":"product-type-variable"},"aioseo_notices":[],"_links":{"self":[{"href":"https:\/\/paulusminiatures.com\/de\/wp-json\/wp\/v2\/product\/5306","targetHints":{"allow":["GET"]}}],"collection":[{"href":"https:\/\/paulusminiatures.com\/de\/wp-json\/wp\/v2\/product"}],"about":[{"href":"https:\/\/paulusminiatures.com\/de\/wp-json\/wp\/v2\/types\/product"}],"wp:featuredmedia":[{"embeddable":true,"href":"https:\/\/paulusminiatures.com\/de\/wp-json\/wp\/v2\/media\/5307"}],"wp:attachment":[{"href":"https:\/\/paulusminiatures.com\/de\/wp-json\/wp\/v2\/media?parent=5306"}],"wp:term":[{"taxonomy":"product_brand","embeddable":true,"href":"https:\/\/paulusminiatures.com\/de\/wp-json\/wp\/v2\/product_brand?post=5306"},{"taxonomy":"product_cat","embeddable":true,"href":"https:\/\/paulusminiatures.com\/de\/wp-json\/wp\/v2\/product_cat?post=5306"},{"taxonomy":"product_tag","embeddable":true,"href":"https:\/\/paulusminiatures.com\/de\/wp-json\/wp\/v2\/product_tag?post=5306"}],"curies":[{"name":"wp","href":"https:\/\/api.w.org\/{rel}","templated":true}]}}