{"id":5774,"date":"2025-01-16T17:02:30","date_gmt":"2025-01-16T17:02:30","guid":{"rendered":"https:\/\/paulusminiatures.com\/?post_type=product&#038;p=5774"},"modified":"2025-04-29T11:22:46","modified_gmt":"2025-04-29T11:22:46","slug":"bisonte-smilodon","status":"publish","type":"product","link":"https:\/\/paulusminiatures.com\/de\/produkt\/bisonte-smilodon\/","title":{"rendered":"Wisent + Smilodon"},"content":{"rendered":"<div id=\"tab-description\" class=\"woocommerce-Tabs-panel woocommerce-Tabs-panel--description panel entry-content wc-tab\" role=\"tabpanel\" aria-labelledby=\"tab-title-description\">\n<p>ATEN\u00c7\u00c3O: Pe\u00e7as muito fr\u00e1geis.<\/p>\n<\/div>","protected":false},"excerpt":{"rendered":"<p>ATEN\u00c7\u00c3O: Pe\u00e7as muito fr\u00e1geis.<\/p>","protected":false},"featured_media":5779,"template":"","meta":[],"product_brand":[],"product_cat":[198,195],"product_tag":[],"class_list":{"0":"post-5774","1":"product","2":"type-product","3":"status-publish","4":"has-post-thumbnail","6":"product_cat-animais","7":"product_cat-pre-historia","9":"first","10":"instock","11":"taxable","12":"shipping-taxable","13":"purchasable","14":"product-type-variable"},"aioseo_notices":[],"_links":{"self":[{"href":"https:\/\/paulusminiatures.com\/de\/wp-json\/wp\/v2\/product\/5774","targetHints":{"allow":["GET"]}}],"collection":[{"href":"https:\/\/paulusminiatures.com\/de\/wp-json\/wp\/v2\/product"}],"about":[{"href":"https:\/\/paulusminiatures.com\/de\/wp-json\/wp\/v2\/types\/product"}],"wp:featuredmedia":[{"embeddable":true,"href":"https:\/\/paulusminiatures.com\/de\/wp-json\/wp\/v2\/media\/5779"}],"wp:attachment":[{"href":"https:\/\/paulusminiatures.com\/de\/wp-json\/wp\/v2\/media?parent=5774"}],"wp:term":[{"taxonomy":"product_brand","embeddable":true,"href":"https:\/\/paulusminiatures.com\/de\/wp-json\/wp\/v2\/product_brand?post=5774"},{"taxonomy":"product_cat","embeddable":true,"href":"https:\/\/paulusminiatures.com\/de\/wp-json\/wp\/v2\/product_cat?post=5774"},{"taxonomy":"product_tag","embeddable":true,"href":"https:\/\/paulusminiatures.com\/de\/wp-json\/wp\/v2\/product_tag?post=5774"}],"curies":[{"name":"wp","href":"https:\/\/api.w.org\/{rel}","templated":true}]}}