{"id":5846,"date":"2025-02-18T12:39:04","date_gmt":"2025-02-18T12:39:04","guid":{"rendered":"https:\/\/paulusminiatures.com\/?post_type=product&#038;p=5846"},"modified":"2025-02-18T12:41:47","modified_gmt":"2025-02-18T12:41:47","slug":"luis-de-camoes-em-combate-2","status":"publish","type":"product","link":"https:\/\/paulusminiatures.com\/en\/product\/luis-de-camoes-em-combate-2\/","title":{"rendered":"Lu\u00eds de  Cam\u00f5es em combate 2"},"content":{"rendered":"<div id=\"tab-description\" class=\"woocommerce-Tabs-panel woocommerce-Tabs-panel--description panel entry-content wc-tab\" role=\"tabpanel\" aria-labelledby=\"tab-title-description\">\n<p>Modelo 3D print em resina, n\u00e3o pintado. ATEN\u00c7\u00c3O: Pe\u00e7as muito fr\u00e1geis.<\/p>\n<\/div>","protected":false},"excerpt":{"rendered":"<p>Modelo 3D print em resina, n\u00e3o pintado. ATEN\u00c7\u00c3O: Pe\u00e7as muito fr\u00e1geis.<\/p>","protected":false},"featured_media":5851,"template":"","meta":[],"product_brand":[],"product_cat":[215],"product_tag":[],"class_list":{"0":"post-5846","1":"product","2":"type-product","3":"status-publish","4":"has-post-thumbnail","6":"product_cat-historia-de-portugal","8":"first","9":"instock","10":"taxable","11":"shipping-taxable","12":"purchasable","13":"product-type-variable"},"aioseo_notices":[],"_links":{"self":[{"href":"https:\/\/paulusminiatures.com\/en\/wp-json\/wp\/v2\/product\/5846","targetHints":{"allow":["GET"]}}],"collection":[{"href":"https:\/\/paulusminiatures.com\/en\/wp-json\/wp\/v2\/product"}],"about":[{"href":"https:\/\/paulusminiatures.com\/en\/wp-json\/wp\/v2\/types\/product"}],"wp:featuredmedia":[{"embeddable":true,"href":"https:\/\/paulusminiatures.com\/en\/wp-json\/wp\/v2\/media\/5851"}],"wp:attachment":[{"href":"https:\/\/paulusminiatures.com\/en\/wp-json\/wp\/v2\/media?parent=5846"}],"wp:term":[{"taxonomy":"product_brand","embeddable":true,"href":"https:\/\/paulusminiatures.com\/en\/wp-json\/wp\/v2\/product_brand?post=5846"},{"taxonomy":"product_cat","embeddable":true,"href":"https:\/\/paulusminiatures.com\/en\/wp-json\/wp\/v2\/product_cat?post=5846"},{"taxonomy":"product_tag","embeddable":true,"href":"https:\/\/paulusminiatures.com\/en\/wp-json\/wp\/v2\/product_tag?post=5846"}],"curies":[{"name":"wp","href":"https:\/\/api.w.org\/{rel}","templated":true}]}}