{"id":5051,"date":"2023-02-16T12:38:05","date_gmt":"2023-02-16T12:38:05","guid":{"rendered":"https:\/\/paulusminiatures.com\/?page_id=5051"},"modified":"2023-02-16T12:41:37","modified_gmt":"2023-02-16T12:41:37","slug":"ancient-knowledge-and-mysteries","status":"publish","type":"page","link":"https:\/\/paulusminiatures.com\/es\/ancient-knowledge-and-mysteries\/","title":{"rendered":"Conocimientos y misterios ancestrales"},"content":{"rendered":"<div class=\"wpb-content-wrapper\"><div class=\"vc_row wpb_row vc_row-fluid edgtf-row-with-shadow\" ><div class=\"wpb_column vc_column_container vc_col-sm-12\"><div class=\"vc_column-inner\"><div class=\"wpb_wrapper\"><div class=\"wpb_revslider_element wpb_content_element\">\n\t\t\t<!-- START knowledge REVOLUTION SLIDER 6.7.20 --><p class=\"rs-p-wp-fix\"><\/p>\n\t\t\t<rs-module-wrap id=\"rev_slider_9_1_wrapper\" data-source=\"gallery\" style=\"visibility:hidden;background:transparent;padding:0;margin:0px auto;margin-top:0;margin-bottom:0;\">\n\t\t\t\t<rs-module id=\"rev_slider_9_1\" style=\"\" data-version=\"6.7.20\">\n\t\t\t\t\t<rs-slides style=\"overflow: hidden; position: absolute;\">\n\t\t\t\t\t\t<rs-slide style=\"position: absolute;\" data-key=\"rs-9\" data-title=\"Slide\" data-anim=\"adpr:false;\">\n\t\t\t\t\t\t\t<img decoding=\"async\" src=\"\/\/paulusminiatures.com\/wp-content\/plugins\/slider-revolution-master\/sr6\/assets\/assets\/dummy.png\" alt=\"\" title=\"Conocimientos y misterios ancestrales\" class=\"rev-slidebg tp-rs-img rs-lazyload\" data-lazyload=\"\/\/paulusminiatures.com\/wp-content\/uploads\/2023\/02\/12.png\" data-no-retina>\n<!---->\t\t\t\t\t<\/rs-slide>\n\t\t\t\t\t<\/rs-slides>\n\t\t\t\t<\/rs-module>\n\t\t\t\t<script>\n\t\t\t\t\tsetREVStartSize({c: 'rev_slider_9_1',rl:[1240,1024,778,480],el:[],gw:[1240],gh:[868],type:'standard',justify:'',layout:'fullwidth',mh:\"0\"});if (window.RS_MODULES!==undefined && window.RS_MODULES.modules!==undefined && window.RS_MODULES.modules[\"revslider91\"]!==undefined) {window.RS_MODULES.modules[\"revslider91\"].once = false;window.revapi9 = undefined;if (window.RS_MODULES.checkMinimal!==undefined) window.RS_MODULES.checkMinimal()}\n\t\t\t\t<\/script>\n\t\t\t<\/rs-module-wrap>\n\t\t\t<!-- END REVOLUTION SLIDER -->\n<\/div><\/div><\/div><\/div><\/div><div class=\"edgtf-row-grid-section-wrapper edgtf-content-aligment-center\"  ><div class=\"edgtf-row-grid-section\"><div data-vc-parallax=\"1.5\" class=\"vc_row wpb_row vc_row-fluid vc_custom_1622542746163 vc_row-has-fill vc_general vc_parallax vc_parallax-content-moving\" ><div class=\"wpb_column vc_column_container vc_col-sm-12\"><div class=\"vc_column-inner\"><div class=\"wpb_wrapper\"><div class=\"edgtf-section-title-holder  edgtf-st-standard\" style=\"padding: 0 0px;text-align: center\">\n\t<div class=\"edgtf-st-inner\">\n\t\t\t\t\t<h2 class=\"edgtf-st-title\" >\n\t\t\t\tLos arque\u00f3logos<br \/>\t\t\t<\/h2>\n\t\t                    <div class=\"edgtf-st-separator\">\n            <img decoding=\"async\" width=\"125\" height=\"3\" src=\"https:\/\/paulusminiatures.com\/wp-content\/uploads\/2018\/06\/h3-slider-img-1.png\" class=\"attachment-full size-full\" alt=\"a\" srcset=\"https:\/\/paulusminiatures.com\/wp-content\/uploads\/2018\/06\/h3-slider-img-1.png 125w, https:\/\/paulusminiatures.com\/wp-content\/uploads\/2018\/06\/h3-slider-img-1-100x3.png 100w\" sizes=\"(max-width: 125px) 100vw, 125px\" \/>            <\/div>\n        \t\t\t<\/div>\n<\/div><div class=\"vc_empty_space\"   style=\"height: 62px\"><span class=\"vc_empty_space_inner\"><\/span><\/div><\/div><\/div><\/div><\/div><\/div><\/div><div class=\"edgtf-row-grid-section-wrapper\"  ><div class=\"edgtf-row-grid-section\"><div class=\"vc_row wpb_row vc_row-fluid\" ><div class=\"wpb_column vc_column_container vc_col-sm-12\"><div class=\"vc_column-inner vc_custom_1633965182299\"><div class=\"wpb_wrapper\"><div class=\"vc_tta-container\" data-vc-action=\"collapse\"><div class=\"vc_general vc_tta vc_tta-tabs vc_tta-color-grey vc_tta-style-outline vc_tta-shape-rounded vc_tta-spacing-1 vc_tta-o-no-fill vc_tta-tabs-position-bottom vc_tta-controls-align-center\"><div class=\"vc_tta-panels-container\"><div class=\"vc_tta-panels\"><div class=\"vc_tta-panel vc_active\" id=\"1675356889724-b64ac183-7cf6\" data-vc-content=\".vc_tta-panel-body\"><div class=\"vc_tta-panel-heading\"><h4 class=\"vc_tta-panel-title\"><a href=\"#1675356889724-b64ac183-7cf6\" data-vc-accordion data-vc-container=\".vc_tta-container\"><span class=\"vc_tta-title-text\">Arque\u00f3logos<\/span><\/a><\/h4><\/div><div class=\"vc_tta-panel-body\"><div class=\"woocommerce columns-4\"><ul class=\"products columns-4\">\n<li class=\"product type-product post-5037 status-publish first instock product_cat-conhecimento-misterios-antigos has-post-thumbnail taxable shipping-taxable purchasable product-type-variable\">\n\t<div class=\"edgtf-pl-inner\"><div class=\"edgtf-pl-image\"><img decoding=\"async\" width=\"300\" height=\"300\" src=\"https:\/\/paulusminiatures.com\/wp-content\/uploads\/2023\/02\/14-300x300.png\" class=\"attachment-woocommerce_thumbnail size-woocommerce_thumbnail\" alt=\"Arque\u00f3loga com est\u00e1tua de An\u00fabis\" srcset=\"https:\/\/paulusminiatures.com\/wp-content\/uploads\/2023\/02\/14-300x300.png 300w, https:\/\/paulusminiatures.com\/wp-content\/uploads\/2023\/02\/14-150x150.png 150w, https:\/\/paulusminiatures.com\/wp-content\/uploads\/2023\/02\/14-550x550.png 550w, https:\/\/paulusminiatures.com\/wp-content\/uploads\/2023\/02\/14-1100x1100.png 1100w, https:\/\/paulusminiatures.com\/wp-content\/uploads\/2023\/02\/14-100x100.png 100w\" sizes=\"(max-width: 300px) 100vw, 300px\" \/><div class=\"edgtf-pl-text\"><div class=\"edgtf-pl-text-outer\"><div class=\"edgtf-pl-text-inner\"><a href=\"https:\/\/paulusminiatures.com\/es\/producto\/arqueologa-com-estatua-de-anubis\/\" aria-describedby=\"woocommerce_loop_add_to_cart_link_describedby_5037\" data-quantity=\"1\" class=\"button product_type_variable add_to_cart_button\" data-product_id=\"5037\" data-product_sku=\"AEA01\" aria-label=\"Elige las opciones para \u201cArque\u00f3loga com est\u00e1tua de An\u00fabis\u201d\" rel=\"nofollow\" data-no-translation=\"\" data-trp-gettext=\"\" data-no-translation-aria-label=\"\">Seleccionar opciones<\/a>\t<span id=\"woocommerce_loop_add_to_cart_link_describedby_5037\" class=\"screen-reader-text\">\n\t\tEste producto tiene m\u00faltiples variantes. Las opciones se pueden elegir en la p\u00e1gina de producto\t<\/span>\n<\/div><\/div><\/div><\/div><a href=\"https:\/\/paulusminiatures.com\/es\/producto\/arqueologa-com-estatua-de-anubis\/\" class=\"woocommerce-LoopProduct-link woocommerce-loop-product__link\"><\/a><\/div><div class=\"edgtf-pl-text-wrapper\"><h5 class=\"edgtf-product-list-title\"><a href=\"https:\/\/paulusminiatures.com\/es\/producto\/arqueologa-com-estatua-de-anubis\/\">Arque\u00f3logo con estatua de Anubis<\/a><\/h5>\n\t<span class=\"price\"><span class=\"woocommerce-Price-amount amount\" aria-hidden=\"true\"><bdi><span class=\"woocommerce-Price-currencySymbol\">&euro;<\/span>14.00<\/bdi><\/span> <span aria-hidden=\"true\">-<\/span> <span class=\"woocommerce-Price-amount amount\" aria-hidden=\"true\"><bdi><span class=\"woocommerce-Price-currencySymbol\">&euro;<\/span>28.00<\/bdi><\/span><span class=\"screen-reader-text\" data-no-translation=\"\" data-trp-gettext=\"\">Rango de precios: desde &euro;14.00 hasta &euro;28.00<\/span><p class=\"stock in-stock in_stock_color woo-custom-stock-status\" data-no-translation=\"\" data-trp-gettext=\"\">Em Stock<\/p><\/span>\n\t\t\t<span class=\"edgtf-pl-category\"><a href=\"https:\/\/paulusminiatures.com\/es\/product-category\/conhecimento-misterios-antigos\/\" rel=\"tag\">Conocimientos y misterios ancestrales<\/a><\/span>\n\t\t<\/div><\/li><li class=\"product type-product post-5043 status-publish instock product_cat-conhecimento-misterios-antigos has-post-thumbnail taxable shipping-taxable purchasable product-type-variable\">\n\t<div class=\"edgtf-pl-inner\"><div class=\"edgtf-pl-image\"><img decoding=\"async\" width=\"300\" height=\"300\" src=\"https:\/\/paulusminiatures.com\/wp-content\/uploads\/2023\/02\/3-1-300x300.png\" class=\"attachment-woocommerce_thumbnail size-woocommerce_thumbnail\" alt=\"Arque\u00f3logo com estela eg\u00edpcia\" srcset=\"https:\/\/paulusminiatures.com\/wp-content\/uploads\/2023\/02\/3-1-300x300.png 300w, https:\/\/paulusminiatures.com\/wp-content\/uploads\/2023\/02\/3-1-150x150.png 150w, https:\/\/paulusminiatures.com\/wp-content\/uploads\/2023\/02\/3-1-550x550.png 550w, https:\/\/paulusminiatures.com\/wp-content\/uploads\/2023\/02\/3-1-1100x1100.png 1100w, https:\/\/paulusminiatures.com\/wp-content\/uploads\/2023\/02\/3-1-100x100.png 100w\" sizes=\"(max-width: 300px) 100vw, 300px\" \/><div class=\"edgtf-pl-text\"><div class=\"edgtf-pl-text-outer\"><div class=\"edgtf-pl-text-inner\"><a href=\"https:\/\/paulusminiatures.com\/es\/producto\/arqueologo-com-estela-egipcia\/\" aria-describedby=\"woocommerce_loop_add_to_cart_link_describedby_5043\" data-quantity=\"1\" class=\"button product_type_variable add_to_cart_button\" data-product_id=\"5043\" data-product_sku=\"AEE01\" aria-label=\"Elige las opciones para \u201cArque\u00f3logo com estela eg\u00edpcia\u201d\" rel=\"nofollow\" data-no-translation=\"\" data-trp-gettext=\"\" data-no-translation-aria-label=\"\">Seleccionar opciones<\/a>\t<span id=\"woocommerce_loop_add_to_cart_link_describedby_5043\" class=\"screen-reader-text\">\n\t\tEste producto tiene m\u00faltiples variantes. Las opciones se pueden elegir en la p\u00e1gina de producto\t<\/span>\n<\/div><\/div><\/div><\/div><a href=\"https:\/\/paulusminiatures.com\/es\/producto\/arqueologo-com-estela-egipcia\/\" class=\"woocommerce-LoopProduct-link woocommerce-loop-product__link\"><\/a><\/div><div class=\"edgtf-pl-text-wrapper\"><h5 class=\"edgtf-product-list-title\"><a href=\"https:\/\/paulusminiatures.com\/es\/producto\/arqueologo-com-estela-egipcia\/\">Arque\u00f3logo con estela egipcia<\/a><\/h5>\n\t<span class=\"price\"><span class=\"woocommerce-Price-amount amount\" aria-hidden=\"true\"><bdi><span class=\"woocommerce-Price-currencySymbol\">&euro;<\/span>9.00<\/bdi><\/span> <span aria-hidden=\"true\">-<\/span> <span class=\"woocommerce-Price-amount amount\" aria-hidden=\"true\"><bdi><span class=\"woocommerce-Price-currencySymbol\">&euro;<\/span>18.00<\/bdi><\/span><span class=\"screen-reader-text\" data-no-translation=\"\" data-trp-gettext=\"\">Rango de precios: desde &euro;9.00 hasta &euro;18.00<\/span><p class=\"stock in-stock in_stock_color woo-custom-stock-status\" data-no-translation=\"\" data-trp-gettext=\"\">Em Stock<\/p><\/span>\n\t\t\t<span class=\"edgtf-pl-category\"><a href=\"https:\/\/paulusminiatures.com\/es\/product-category\/conhecimento-misterios-antigos\/\" rel=\"tag\">Conocimientos y misterios ancestrales<\/a><\/span>\n\t\t<\/div><\/li><\/ul>\n<\/div><\/div><\/div><\/div><\/div><div class=\"vc_tta-tabs-container\"><ul class=\"vc_tta-tabs-list\" role=\"tablist\"><li class=\"vc_tta-tab vc_active\" data-vc-tab role=\"presentation\"><a href=\"#1675356889724-b64ac183-7cf6\" data-vc-tabs data-vc-container=\".vc_tta\" role=\"tab\" aria-selected=\"false\" id=\"tab-1675356889724-b64ac183-7cf6\"><span class=\"vc_tta-title-text\">Arque\u00f3logos<\/span><\/a><\/li><\/ul><\/div><\/div><\/div><\/div><\/div><\/div><\/div><\/div><\/div>\n<\/div>","protected":false},"excerpt":{"rendered":"Os arque\u00f3logos Arque\u00f3logos Seleccionar opciones Este producto tiene m\u00faltiples variantes. Las opciones se pueden elegir en la p\u00e1gina de producto Arque\u00f3logo con estatua de Anubis &euro;14.00 - &euro;28.00Rango de precios: desde &euro;14.00 hasta &euro;28.00Em Stock Conocimientos y misterios ancestrales Seleccionar opciones Este producto tiene m\u00faltiples variantes. [...]","protected":false},"author":1,"featured_media":0,"parent":0,"menu_order":0,"comment_status":"closed","ping_status":"closed","template":"full-width.php","meta":{"footnotes":""},"class_list":["post-5051","page","type-page","status-publish","hentry"],"aioseo_notices":[],"_links":{"self":[{"href":"https:\/\/paulusminiatures.com\/es\/wp-json\/wp\/v2\/pages\/5051","targetHints":{"allow":["GET"]}}],"collection":[{"href":"https:\/\/paulusminiatures.com\/es\/wp-json\/wp\/v2\/pages"}],"about":[{"href":"https:\/\/paulusminiatures.com\/es\/wp-json\/wp\/v2\/types\/page"}],"author":[{"embeddable":true,"href":"https:\/\/paulusminiatures.com\/es\/wp-json\/wp\/v2\/users\/1"}],"replies":[{"embeddable":true,"href":"https:\/\/paulusminiatures.com\/es\/wp-json\/wp\/v2\/comments?post=5051"}],"version-history":[{"count":0,"href":"https:\/\/paulusminiatures.com\/es\/wp-json\/wp\/v2\/pages\/5051\/revisions"}],"wp:attachment":[{"href":"https:\/\/paulusminiatures.com\/es\/wp-json\/wp\/v2\/media?parent=5051"}],"curies":[{"name":"wp","href":"https:\/\/api.w.org\/{rel}","templated":true}]}}