{"id":3665,"date":"2021-03-03T11:53:00","date_gmt":"2021-03-03T11:53:00","guid":{"rendered":"https:\/\/miniaturas.creativediscovery.pt\/produto\/import-placeholder-for-48\/"},"modified":"2023-01-27T16:59:54","modified_gmt":"2023-01-27T16:59:54","slug":"mera-with-baby","status":"publish","type":"product","link":"https:\/\/paulusminiatures.com\/es\/producto\/mera-with-baby\/","title":{"rendered":"MERA con Bebe"},"content":{"rendered":"<p>Modelo a escala en resina de alta calidad, sin pintar. Contiene piezas peque\u00f1as y fr\u00e1giles. Montaje necesario (con gel superpegamento) por adulto o mayor de 14 a\u00f1os. NOTA: La figura no est\u00e1 incluida, aparece en la foto solo con fines de comparaci\u00f3n de escalas.<\/p>","protected":false},"excerpt":{"rendered":"<p>Modelo a escala en resina de alta calidad, sin pintar. Contiene piezas peque\u00f1as y fr\u00e1giles. Montaje necesario (con gel superpegamento) por adulto o mayor de 14 a\u00f1os. NOTA: La figura no est\u00e1 incluida, aparece en la foto solo con fines de comparaci\u00f3n de escalas.<\/p>","protected":false},"featured_media":3907,"template":"","meta":[],"product_brand":[],"product_cat":[206,207,195],"product_tag":[],"class_list":{"0":"post-3665","1":"product","2":"type-product","3":"status-publish","4":"has-post-thumbnail","6":"product_cat-educativo","7":"product_cat-figuras-unicas","8":"product_cat-pre-historia","10":"first","11":"instock","12":"taxable","13":"shipping-taxable","14":"purchasable","15":"product-type-variable"},"aioseo_notices":[],"_links":{"self":[{"href":"https:\/\/paulusminiatures.com\/es\/wp-json\/wp\/v2\/product\/3665","targetHints":{"allow":["GET"]}}],"collection":[{"href":"https:\/\/paulusminiatures.com\/es\/wp-json\/wp\/v2\/product"}],"about":[{"href":"https:\/\/paulusminiatures.com\/es\/wp-json\/wp\/v2\/types\/product"}],"wp:featuredmedia":[{"embeddable":true,"href":"https:\/\/paulusminiatures.com\/es\/wp-json\/wp\/v2\/media\/3907"}],"wp:attachment":[{"href":"https:\/\/paulusminiatures.com\/es\/wp-json\/wp\/v2\/media?parent=3665"}],"wp:term":[{"taxonomy":"product_brand","embeddable":true,"href":"https:\/\/paulusminiatures.com\/es\/wp-json\/wp\/v2\/product_brand?post=3665"},{"taxonomy":"product_cat","embeddable":true,"href":"https:\/\/paulusminiatures.com\/es\/wp-json\/wp\/v2\/product_cat?post=3665"},{"taxonomy":"product_tag","embeddable":true,"href":"https:\/\/paulusminiatures.com\/es\/wp-json\/wp\/v2\/product_tag?post=3665"}],"curies":[{"name":"wp","href":"https:\/\/api.w.org\/{rel}","templated":true}]}}