{"id":3674,"date":"2021-03-03T11:53:06","date_gmt":"2021-03-03T11:53:06","guid":{"rendered":"https:\/\/miniaturas.creativediscovery.pt\/produto\/import-placeholder-for-76\/"},"modified":"2021-10-21T10:33:59","modified_gmt":"2021-10-21T10:33:59","slug":"hunter-deer-headdress","status":"publish","type":"product","link":"https:\/\/paulusminiatures.com\/es\/producto\/hunter-deer-headdress\/","title":{"rendered":"Cazador con Tocado de Ciervo"},"content":{"rendered":"<p>Modelo a escala en resina de alta calidad, sin pintar. Contiene piezas peque\u00f1as y fr\u00e1giles. Montaje necesario (con gel superpegamento) por adulto o mayor de 14 a\u00f1os. NOTA: La figura no est\u00e1 incluida, aparece en la foto solo con fines de comparaci\u00f3n de escalas.<\/p>","protected":false},"excerpt":{"rendered":"<p>Modelo a escala en resina de alta calidad, sin pintar. Contiene piezas peque\u00f1as y fr\u00e1giles. Montaje necesario (con gel superpegamento) por adulto o mayor de 14 a\u00f1os. NOTA: La figura no est\u00e1 incluida, aparece en la foto solo con fines de comparaci\u00f3n de escalas.<\/p>","protected":false},"featured_media":4132,"template":"","meta":[],"product_brand":[],"product_cat":[207,195],"product_tag":[],"class_list":{"0":"post-3674","1":"product","2":"type-product","3":"status-publish","4":"has-post-thumbnail","6":"product_cat-figuras-unicas","7":"product_cat-pre-historia","9":"first","10":"instock","11":"taxable","12":"shipping-taxable","13":"purchasable","14":"product-type-variable"},"aioseo_notices":[],"_links":{"self":[{"href":"https:\/\/paulusminiatures.com\/es\/wp-json\/wp\/v2\/product\/3674","targetHints":{"allow":["GET"]}}],"collection":[{"href":"https:\/\/paulusminiatures.com\/es\/wp-json\/wp\/v2\/product"}],"about":[{"href":"https:\/\/paulusminiatures.com\/es\/wp-json\/wp\/v2\/types\/product"}],"wp:featuredmedia":[{"embeddable":true,"href":"https:\/\/paulusminiatures.com\/es\/wp-json\/wp\/v2\/media\/4132"}],"wp:attachment":[{"href":"https:\/\/paulusminiatures.com\/es\/wp-json\/wp\/v2\/media?parent=3674"}],"wp:term":[{"taxonomy":"product_brand","embeddable":true,"href":"https:\/\/paulusminiatures.com\/es\/wp-json\/wp\/v2\/product_brand?post=3674"},{"taxonomy":"product_cat","embeddable":true,"href":"https:\/\/paulusminiatures.com\/es\/wp-json\/wp\/v2\/product_cat?post=3674"},{"taxonomy":"product_tag","embeddable":true,"href":"https:\/\/paulusminiatures.com\/es\/wp-json\/wp\/v2\/product_tag?post=3674"}],"curies":[{"name":"wp","href":"https:\/\/api.w.org\/{rel}","templated":true}]}}