{"id":3692,"date":"2021-03-03T11:53:21","date_gmt":"2021-03-03T11:53:21","guid":{"rendered":"https:\/\/miniaturas.creativediscovery.pt\/produto\/import-placeholder-for-103\/"},"modified":"2021-10-02T19:54:15","modified_gmt":"2021-10-02T19:54:15","slug":"smilodon-stalking","status":"publish","type":"product","link":"https:\/\/paulusminiatures.com\/es\/producto\/smilodon-stalking\/","title":{"rendered":"Smilodon Cazando"},"content":{"rendered":"<p>Modelo a escala en resina de alta calidad, sin pintar. Contiene piezas peque\u00f1as y fr\u00e1giles. Montaje necesario (con gel superpegamento) por adulto o mayor de 14 a\u00f1os. Esta pieza no tiene la base representada en la fotograf\u00eda, que solo tiene fines est\u00e9ticos.<\/p>","protected":false},"excerpt":{"rendered":"<p>Modelo a escala en resina de alta calidad, sin pintar. Contiene piezas peque\u00f1as y fr\u00e1giles. Montaje necesario (con gel superpegamento) por adulto o mayor de 14 a\u00f1os. Esta pieza no tiene la base representada en la fotograf\u00eda, que solo tiene fines est\u00e9ticos.<\/p>","protected":false},"featured_media":4062,"template":"","meta":[],"product_brand":[],"product_cat":[198,195],"product_tag":[],"class_list":{"0":"post-3692","1":"product","2":"type-product","3":"status-publish","4":"has-post-thumbnail","6":"product_cat-animais","7":"product_cat-pre-historia","9":"first","10":"instock","11":"taxable","12":"shipping-taxable","13":"purchasable","14":"product-type-variable"},"aioseo_notices":[],"_links":{"self":[{"href":"https:\/\/paulusminiatures.com\/es\/wp-json\/wp\/v2\/product\/3692","targetHints":{"allow":["GET"]}}],"collection":[{"href":"https:\/\/paulusminiatures.com\/es\/wp-json\/wp\/v2\/product"}],"about":[{"href":"https:\/\/paulusminiatures.com\/es\/wp-json\/wp\/v2\/types\/product"}],"wp:featuredmedia":[{"embeddable":true,"href":"https:\/\/paulusminiatures.com\/es\/wp-json\/wp\/v2\/media\/4062"}],"wp:attachment":[{"href":"https:\/\/paulusminiatures.com\/es\/wp-json\/wp\/v2\/media?parent=3692"}],"wp:term":[{"taxonomy":"product_brand","embeddable":true,"href":"https:\/\/paulusminiatures.com\/es\/wp-json\/wp\/v2\/product_brand?post=3692"},{"taxonomy":"product_cat","embeddable":true,"href":"https:\/\/paulusminiatures.com\/es\/wp-json\/wp\/v2\/product_cat?post=3692"},{"taxonomy":"product_tag","embeddable":true,"href":"https:\/\/paulusminiatures.com\/es\/wp-json\/wp\/v2\/product_tag?post=3692"}],"curies":[{"name":"wp","href":"https:\/\/api.w.org\/{rel}","templated":true}]}}