{"id":4645,"date":"2022-05-30T09:46:00","date_gmt":"2022-05-30T09:46:00","guid":{"rendered":"https:\/\/paulusminiatures.com\/?post_type=product&#038;p=4645"},"modified":"2024-06-11T10:56:42","modified_gmt":"2024-06-11T10:56:42","slug":"guarda-ordena-paragem","status":"publish","type":"product","link":"https:\/\/paulusminiatures.com\/es\/producto\/guarda-ordena-paragem\/","title":{"rendered":"Guarda Ordena Parada"},"content":{"rendered":"<p>Modelo 3D print em resina, n\u00e3o pintado. ATEN\u00c7\u00c3O: Pe\u00e7as muito fr\u00e1geis.<\/p>","protected":false},"excerpt":{"rendered":"<p>Modelo 3D print em resina, n\u00e3o pintado. ATEN\u00c7\u00c3O: Pe\u00e7as muito fr\u00e1geis.<\/p>","protected":false},"featured_media":5605,"template":"","meta":[],"product_brand":[],"product_cat":[199],"product_tag":[],"class_list":{"0":"post-4645","1":"product","2":"type-product","3":"status-publish","4":"has-post-thumbnail","6":"product_cat-medieval","8":"first","9":"instock","10":"taxable","11":"shipping-taxable","12":"purchasable","13":"product-type-variable"},"aioseo_notices":[],"_links":{"self":[{"href":"https:\/\/paulusminiatures.com\/es\/wp-json\/wp\/v2\/product\/4645","targetHints":{"allow":["GET"]}}],"collection":[{"href":"https:\/\/paulusminiatures.com\/es\/wp-json\/wp\/v2\/product"}],"about":[{"href":"https:\/\/paulusminiatures.com\/es\/wp-json\/wp\/v2\/types\/product"}],"wp:featuredmedia":[{"embeddable":true,"href":"https:\/\/paulusminiatures.com\/es\/wp-json\/wp\/v2\/media\/5605"}],"wp:attachment":[{"href":"https:\/\/paulusminiatures.com\/es\/wp-json\/wp\/v2\/media?parent=4645"}],"wp:term":[{"taxonomy":"product_brand","embeddable":true,"href":"https:\/\/paulusminiatures.com\/es\/wp-json\/wp\/v2\/product_brand?post=4645"},{"taxonomy":"product_cat","embeddable":true,"href":"https:\/\/paulusminiatures.com\/es\/wp-json\/wp\/v2\/product_cat?post=4645"},{"taxonomy":"product_tag","embeddable":true,"href":"https:\/\/paulusminiatures.com\/es\/wp-json\/wp\/v2\/product_tag?post=4645"}],"curies":[{"name":"wp","href":"https:\/\/api.w.org\/{rel}","templated":true}]}}