{"id":5277,"date":"2023-10-12T14:49:20","date_gmt":"2023-10-12T14:49:20","guid":{"rendered":"https:\/\/paulusminiatures.com\/?post_type=product&#038;p=5277"},"modified":"2023-10-12T14:51:19","modified_gmt":"2023-10-12T14:51:19","slug":"pescador-com-arpao","status":"publish","type":"product","link":"https:\/\/paulusminiatures.com\/es\/producto\/pescador-com-arpao\/","title":{"rendered":"Pescador com Arp\u00e3o"},"content":{"rendered":"<p>Modelo a escala en resina de alta calidad, sin pintar. Contiene piezas peque\u00f1as y fr\u00e1giles. Montaje necesario (con gel superpegamento) por adulto o mayor de 14 a\u00f1os. NOTA: La figura no est\u00e1 incluida, aparece en la foto solo con fines de comparaci\u00f3n de escalas.<\/p>","protected":false},"excerpt":{"rendered":"<p>Modelo a escala en resina de alta calidad, sin pintar. Contiene piezas peque\u00f1as y fr\u00e1giles. Montaje necesario (con gel superpegamento) por adulto o mayor de 14 a\u00f1os. NOTA: La figura no est\u00e1 incluida, aparece en la foto solo con fines de comparaci\u00f3n de escalas.<\/p>","protected":false},"featured_media":5281,"template":"","meta":[],"product_brand":[],"product_cat":[207,195],"product_tag":[],"class_list":{"0":"post-5277","1":"product","2":"type-product","3":"status-publish","4":"has-post-thumbnail","6":"product_cat-figuras-unicas","7":"product_cat-pre-historia","9":"first","10":"instock","11":"taxable","12":"shipping-taxable","13":"purchasable","14":"product-type-variable"},"aioseo_notices":[],"_links":{"self":[{"href":"https:\/\/paulusminiatures.com\/es\/wp-json\/wp\/v2\/product\/5277","targetHints":{"allow":["GET"]}}],"collection":[{"href":"https:\/\/paulusminiatures.com\/es\/wp-json\/wp\/v2\/product"}],"about":[{"href":"https:\/\/paulusminiatures.com\/es\/wp-json\/wp\/v2\/types\/product"}],"wp:featuredmedia":[{"embeddable":true,"href":"https:\/\/paulusminiatures.com\/es\/wp-json\/wp\/v2\/media\/5281"}],"wp:attachment":[{"href":"https:\/\/paulusminiatures.com\/es\/wp-json\/wp\/v2\/media?parent=5277"}],"wp:term":[{"taxonomy":"product_brand","embeddable":true,"href":"https:\/\/paulusminiatures.com\/es\/wp-json\/wp\/v2\/product_brand?post=5277"},{"taxonomy":"product_cat","embeddable":true,"href":"https:\/\/paulusminiatures.com\/es\/wp-json\/wp\/v2\/product_cat?post=5277"},{"taxonomy":"product_tag","embeddable":true,"href":"https:\/\/paulusminiatures.com\/es\/wp-json\/wp\/v2\/product_tag?post=5277"}],"curies":[{"name":"wp","href":"https:\/\/api.w.org\/{rel}","templated":true}]}}