{"id":6132,"date":"2026-04-08T08:56:07","date_gmt":"2026-04-08T08:56:07","guid":{"rendered":"https:\/\/paulusminiatures.com\/?post_type=product&#038;p=6132"},"modified":"2026-04-08T09:43:10","modified_gmt":"2026-04-08T09:43:10","slug":"carro-de-bois-com-barril-e-campones","status":"publish","type":"product","link":"https:\/\/paulusminiatures.com\/es\/producto\/carro-de-bois-com-barril-e-campones\/","title":{"rendered":"Carro de Bueyes con Barril y Campesino"},"content":{"rendered":"<p>Modelo a escala en resina de alta calidad, sin pintar. Contiene piezas peque\u00f1as y fr\u00e1giles. Montaje necesario (con gel superpegamento) por adulto o mayor de 14 a\u00f1os. NOTA: La figura no est\u00e1 incluida, aparece en la foto solo con fines de comparaci\u00f3n de escalas.<\/p>","protected":false},"excerpt":{"rendered":"<p>Modelo a escala en resina de alta calidad, sin pintar. Contiene piezas peque\u00f1as y fr\u00e1giles. Montaje necesario (con gel superpegamento) por adulto o mayor de 14 a\u00f1os. NOTA: La figura no est\u00e1 incluida, aparece en la foto solo con fines de comparaci\u00f3n de escalas.<\/p>","protected":false},"featured_media":6137,"template":"","meta":[],"product_brand":[],"product_cat":[199],"product_tag":[],"class_list":{"0":"post-6132","1":"product","2":"type-product","3":"status-publish","4":"has-post-thumbnail","6":"product_cat-medieval","8":"first","9":"instock","10":"taxable","11":"shipping-taxable","12":"purchasable","13":"product-type-variable"},"aioseo_notices":[],"_links":{"self":[{"href":"https:\/\/paulusminiatures.com\/es\/wp-json\/wp\/v2\/product\/6132","targetHints":{"allow":["GET"]}}],"collection":[{"href":"https:\/\/paulusminiatures.com\/es\/wp-json\/wp\/v2\/product"}],"about":[{"href":"https:\/\/paulusminiatures.com\/es\/wp-json\/wp\/v2\/types\/product"}],"wp:featuredmedia":[{"embeddable":true,"href":"https:\/\/paulusminiatures.com\/es\/wp-json\/wp\/v2\/media\/6137"}],"wp:attachment":[{"href":"https:\/\/paulusminiatures.com\/es\/wp-json\/wp\/v2\/media?parent=6132"}],"wp:term":[{"taxonomy":"product_brand","embeddable":true,"href":"https:\/\/paulusminiatures.com\/es\/wp-json\/wp\/v2\/product_brand?post=6132"},{"taxonomy":"product_cat","embeddable":true,"href":"https:\/\/paulusminiatures.com\/es\/wp-json\/wp\/v2\/product_cat?post=6132"},{"taxonomy":"product_tag","embeddable":true,"href":"https:\/\/paulusminiatures.com\/es\/wp-json\/wp\/v2\/product_tag?post=6132"}],"curies":[{"name":"wp","href":"https:\/\/api.w.org\/{rel}","templated":true}]}}