{"id":4967,"date":"2023-02-02T17:01:56","date_gmt":"2023-02-02T17:01:56","guid":{"rendered":"https:\/\/paulusminiatures.com\/?page_id=4967"},"modified":"2025-02-18T10:50:34","modified_gmt":"2025-02-18T10:50:34","slug":"history-posters","status":"publish","type":"page","link":"https:\/\/paulusminiatures.com\/fr\/history-posters\/","title":{"rendered":"Posters da Hist\u00f3ria e Sets Educacionais"},"content":{"rendered":"<div class=\"wpb-content-wrapper\"><div class=\"vc_row wpb_row vc_row-fluid edgtf-row-with-shadow\" ><div class=\"wpb_column vc_column_container vc_col-sm-12\"><div class=\"vc_column-inner\"><div class=\"wpb_wrapper\"><div class=\"wpb_revslider_element wpb_content_element\">\n\t\t\t<!-- START prehistoric REVOLUTION SLIDER 6.7.20 --><p class=\"rs-p-wp-fix\"><\/p>\n\t\t\t<rs-module-wrap id=\"rev_slider_4_1_wrapper\" data-source=\"gallery\" style=\"visibility:hidden;background:transparent;padding:0;margin:0px auto;margin-top:0;margin-bottom:0;\">\n\t\t\t\t<rs-module id=\"rev_slider_4_1\" style=\"\" data-version=\"6.7.20\">\n\t\t\t\t\t<rs-slides style=\"overflow: hidden; position: absolute;\">\n\t\t\t\t\t\t<rs-slide style=\"position: absolute;\" data-key=\"rs-4\" data-title=\"Slide\" data-anim=\"adpr:false;\">\n\t\t\t\t\t\t\t<img decoding=\"async\" src=\"\/\/paulusminiatures.com\/wp-content\/plugins\/slider-revolution-master\/sr6\/assets\/assets\/dummy.png\" alt=\"\" title=\"Posters da Hist\u00f3ria e Sets Educacionais\" class=\"rev-slidebg tp-rs-img rs-lazyload\" data-lazyload=\"\/\/paulusminiatures.com\/wp-content\/uploads\/2021\/03\/Ilustracao_KitEducativo.png\" data-no-retina>\n<!---->\t\t\t\t\t<\/rs-slide>\n\t\t\t\t\t<\/rs-slides>\n\t\t\t\t<\/rs-module>\n\t\t\t\t<script>\n\t\t\t\t\tsetREVStartSize({c: 'rev_slider_4_1',rl:[1240,1024,778,480],el:[],gw:[1240],gh:[868],type:'hero',justify:'',layout:'fullwidth',mh:\"0\"});if (window.RS_MODULES!==undefined && window.RS_MODULES.modules!==undefined && window.RS_MODULES.modules[\"revslider41\"]!==undefined) {window.RS_MODULES.modules[\"revslider41\"].once = false;window.revapi4 = undefined;if (window.RS_MODULES.checkMinimal!==undefined) window.RS_MODULES.checkMinimal()}\n\t\t\t\t<\/script>\n\t\t\t<\/rs-module-wrap>\n\t\t\t<!-- END REVOLUTION SLIDER -->\n<\/div><\/div><\/div><\/div><\/div><div class=\"edgtf-row-grid-section-wrapper edgtf-content-aligment-center\"  ><div class=\"edgtf-row-grid-section\"><div data-vc-parallax=\"1.5\" class=\"vc_row wpb_row vc_row-fluid vc_custom_1622542746163 vc_row-has-fill vc_general vc_parallax vc_parallax-content-moving\" ><div class=\"wpb_column vc_column_container vc_col-sm-12\"><div class=\"vc_column-inner\"><div class=\"wpb_wrapper\"><div class=\"edgtf-section-title-holder  edgtf-st-standard\" style=\"padding: 0 0px;text-align: center\">\n\t<div class=\"edgtf-st-inner\">\n\t\t\t\t\t<h2 class=\"edgtf-st-title\" >\n\t\t\t\tLes affiches<br \/> e Sets educacionais\t\t\t<\/h2>\n\t\t                    <div class=\"edgtf-st-separator\">\n            <img decoding=\"async\" width=\"125\" height=\"3\" src=\"https:\/\/paulusminiatures.com\/wp-content\/uploads\/2018\/06\/h3-slider-img-1.png\" class=\"attachment-full size-full\" alt=\"a\" srcset=\"https:\/\/paulusminiatures.com\/wp-content\/uploads\/2018\/06\/h3-slider-img-1.png 125w, https:\/\/paulusminiatures.com\/wp-content\/uploads\/2018\/06\/h3-slider-img-1-100x3.png 100w\" sizes=\"(max-width: 125px) 100vw, 125px\" \/>            <\/div>\n        \t\t\t<\/div>\n<\/div><div class=\"vc_empty_space\"   style=\"height: 62px\"><span class=\"vc_empty_space_inner\"><\/span><\/div><\/div><\/div><\/div><\/div><\/div><\/div><div class=\"vc_row wpb_row vc_row-fluid vc_row-o-content-middle vc_row-flex\" ><div class=\"icon-text wpb_column vc_column_container vc_col-sm-1\/5\"><div class=\"vc_column-inner\"><div class=\"wpb_wrapper\"><\/div><\/div><\/div><div class=\"icon-text wpb_column vc_column_container vc_col-sm-1\/5\"><div class=\"vc_column-inner\"><div class=\"wpb_wrapper\"><div class=\"edgtf-iwt clearfix tab-cat edgtf-iwt-icon-top edgtf-iwt-icon-medium\">\n\t<div class=\"edgtf-iwt-icon\">\n\t\t\t\t\t<a itemprop=\"url\" href=\"http:\/\/paulusminiatures.com\/fr\/produit\/poster-da-historia-pre-historia\/\" target=\"_self\">\n\t\t\t\t\t\t\t\t\t<img decoding=\"async\" width=\"540\" height=\"720\" src=\"https:\/\/paulusminiatures.com\/wp-content\/uploads\/2023\/11\/finwaterposterFINAL_DE.jpg\" class=\"attachment-full size-full\" alt=\"\" srcset=\"https:\/\/paulusminiatures.com\/wp-content\/uploads\/2023\/11\/finwaterposterFINAL_DE.jpg 540w, https:\/\/paulusminiatures.com\/wp-content\/uploads\/2023\/11\/finwaterposterFINAL_DE-225x300.jpg 225w, https:\/\/paulusminiatures.com\/wp-content\/uploads\/2023\/11\/finwaterposterFINAL_DE-9x12.jpg 9w\" sizes=\"(max-width: 540px) 100vw, 540px\" \/>\t\t\t\t\t\t\t\t<\/a>\n\t\t\t<\/div>\n\t<div class=\"edgtf-iwt-content\" >\n\t\t\t\t\t<h4 class=\"edgtf-iwt-title\" >\n\t\t\t\t\t\t\t\t\t<a itemprop=\"url\" href=\"http:\/\/paulusminiatures.com\/fr\/produit\/poster-da-historia-pre-historia\/\" target=\"_self\">\n\t\t\t\t\t\t\t\t<span class=\"edgtf-iwt-title-text\">Pr\u00e9-hist\u00f3ria<\/span>\n\t\t\t\t\t\t\t\t\t<\/a>\n\t\t\t\t\t\t\t<\/h4>\n\t\t\t\t\t<\/div>\n<\/div><\/div><\/div><\/div><div class=\"icon-text wpb_column vc_column_container vc_col-sm-1\/5\"><div class=\"vc_column-inner\"><div class=\"wpb_wrapper\"><div class=\"edgtf-iwt clearfix tab-cat edgtf-iwt-icon-top edgtf-iwt-icon-medium\">\n\t<div class=\"edgtf-iwt-icon\">\n\t\t\t\t\t<a itemprop=\"url\" href=\"http:\/\/paulusminiatures.com\/fr\/produit\/poster-da-historia-medieval\/\" target=\"_self\">\n\t\t\t\t\t\t\t\t\t<img decoding=\"async\" width=\"540\" height=\"720\" src=\"https:\/\/paulusminiatures.com\/wp-content\/uploads\/2023\/11\/Medieval_final_final.jpg\" class=\"attachment-full size-full\" alt=\"\" srcset=\"https:\/\/paulusminiatures.com\/wp-content\/uploads\/2023\/11\/Medieval_final_final.jpg 540w, https:\/\/paulusminiatures.com\/wp-content\/uploads\/2023\/11\/Medieval_final_final-225x300.jpg 225w, https:\/\/paulusminiatures.com\/wp-content\/uploads\/2023\/11\/Medieval_final_final-9x12.jpg 9w\" sizes=\"(max-width: 540px) 100vw, 540px\" \/>\t\t\t\t\t\t\t\t<\/a>\n\t\t\t<\/div>\n\t<div class=\"edgtf-iwt-content\" >\n\t\t\t\t\t<h4 class=\"edgtf-iwt-title\" >\n\t\t\t\t\t\t\t\t\t<a itemprop=\"url\" href=\"http:\/\/paulusminiatures.com\/fr\/produit\/poster-da-historia-medieval\/\" target=\"_self\">\n\t\t\t\t\t\t\t\t<span class=\"edgtf-iwt-title-text\">L'\u00e9poque m\u00e9di\u00e9vale<\/span>\n\t\t\t\t\t\t\t\t\t<\/a>\n\t\t\t\t\t\t\t<\/h4>\n\t\t\t\t\t<\/div>\n<\/div><\/div><\/div><\/div><div class=\"icon-text wpb_column vc_column_container vc_col-sm-1\/5\"><div class=\"vc_column-inner\"><div class=\"wpb_wrapper\"><div class=\"edgtf-iwt clearfix tab-cat edgtf-iwt-icon-top edgtf-iwt-icon-medium\">\n\t<div class=\"edgtf-iwt-icon\">\n\t\t\t\t\t<a itemprop=\"url\" href=\"http:\/\/paulusminiatures.com\/fr\/produit\/conjunto-educacional-lithos\/\" target=\"_self\">\n\t\t\t\t\t\t\t\t\t<img decoding=\"async\" width=\"2560\" height=\"1618\" src=\"https:\/\/paulusminiatures.com\/wp-content\/uploads\/2021\/06\/Conjunto_set_educativo_06-scaled.jpg\" class=\"attachment-full size-full\" alt=\"\" srcset=\"https:\/\/paulusminiatures.com\/wp-content\/uploads\/2021\/06\/Conjunto_set_educativo_06-scaled.jpg 2560w, https:\/\/paulusminiatures.com\/wp-content\/uploads\/2021\/06\/Conjunto_set_educativo_06-300x190.jpg 300w, https:\/\/paulusminiatures.com\/wp-content\/uploads\/2021\/06\/Conjunto_set_educativo_06-1024x647.jpg 1024w, https:\/\/paulusminiatures.com\/wp-content\/uploads\/2021\/06\/Conjunto_set_educativo_06-768x485.jpg 768w, https:\/\/paulusminiatures.com\/wp-content\/uploads\/2021\/06\/Conjunto_set_educativo_06-1536x971.jpg 1536w, https:\/\/paulusminiatures.com\/wp-content\/uploads\/2021\/06\/Conjunto_set_educativo_06-16x10.jpg 16w, https:\/\/paulusminiatures.com\/wp-content\/uploads\/2021\/06\/Conjunto_set_educativo_06-600x379.jpg 600w\" sizes=\"(max-width: 2560px) 100vw, 2560px\" \/>\t\t\t\t\t\t\t\t<\/a>\n\t\t\t<\/div>\n\t<div class=\"edgtf-iwt-content\" >\n\t\t\t\t\t<h4 class=\"edgtf-iwt-title\" >\n\t\t\t\t\t\t\t\t\t<a itemprop=\"url\" href=\"http:\/\/paulusminiatures.com\/fr\/produit\/conjunto-educacional-lithos\/\" target=\"_self\">\n\t\t\t\t\t\t\t\t<span class=\"edgtf-iwt-title-text\">Set Educacional pr\u00e9-hist\u00f3ria<\/span>\n\t\t\t\t\t\t\t\t\t<\/a>\n\t\t\t\t\t\t\t<\/h4>\n\t\t\t\t\t<\/div>\n<\/div><\/div><\/div><\/div><div class=\"wpb_column vc_column_container vc_col-sm-1\/5\"><div class=\"vc_column-inner\"><div class=\"wpb_wrapper\"><\/div><\/div><\/div><\/div>\n<\/div>","protected":false},"excerpt":{"rendered":"Os posters e Sets educacionais Pr\u00e9-hist\u00f3ria Era Medieval Set Educacional pr\u00e9-hist\u00f3ria","protected":false},"author":1,"featured_media":0,"parent":0,"menu_order":0,"comment_status":"closed","ping_status":"closed","template":"full-width.php","meta":{"footnotes":""},"class_list":["post-4967","page","type-page","status-publish","hentry"],"aioseo_notices":[],"_links":{"self":[{"href":"https:\/\/paulusminiatures.com\/fr\/wp-json\/wp\/v2\/pages\/4967","targetHints":{"allow":["GET"]}}],"collection":[{"href":"https:\/\/paulusminiatures.com\/fr\/wp-json\/wp\/v2\/pages"}],"about":[{"href":"https:\/\/paulusminiatures.com\/fr\/wp-json\/wp\/v2\/types\/page"}],"author":[{"embeddable":true,"href":"https:\/\/paulusminiatures.com\/fr\/wp-json\/wp\/v2\/users\/1"}],"replies":[{"embeddable":true,"href":"https:\/\/paulusminiatures.com\/fr\/wp-json\/wp\/v2\/comments?post=4967"}],"version-history":[{"count":0,"href":"https:\/\/paulusminiatures.com\/fr\/wp-json\/wp\/v2\/pages\/4967\/revisions"}],"wp:attachment":[{"href":"https:\/\/paulusminiatures.com\/fr\/wp-json\/wp\/v2\/media?parent=4967"}],"curies":[{"name":"wp","href":"https:\/\/api.w.org\/{rel}","templated":true}]}}