{"id":668,"date":"2018-06-07T09:03:02","date_gmt":"2018-06-07T09:03:02","guid":{"rendered":"http:\/\/playerx.edge-themes.com\/?page_id=668"},"modified":"2022-06-30T10:34:21","modified_gmt":"2022-06-30T10:34:21","slug":"dreamtable","status":"publish","type":"page","link":"https:\/\/paulusminiatures.com\/fr\/dreamtable\/","title":{"rendered":"Dream Table"},"content":{"rendered":"<div class=\"wpb-content-wrapper\"><div class=\"vc_row wpb_row vc_row-fluid edgtf-row-with-shadow\" ><div class=\"wpb_column vc_column_container vc_col-sm-12\"><div class=\"vc_column-inner\"><div class=\"wpb_wrapper\"><div class=\"wpb_revslider_element wpb_content_element\">\n\t\t\t<!-- START parallaxhome REVOLUTION SLIDER 6.7.20 --><p class=\"rs-p-wp-fix\"><\/p>\n\t\t\t<rs-module-wrap id=\"rev_slider_2_1_wrapper\" data-source=\"gallery\" style=\"visibility:hidden;background:transparent;padding:0;margin:0px auto;margin-top:0;margin-bottom:0;\">\n\t\t\t\t<rs-module id=\"rev_slider_2_1\" style=\"\" data-version=\"6.7.20\">\n\t\t\t\t\t<rs-slides style=\"overflow: hidden; position: absolute;\">\n\t\t\t\t\t\t<rs-slide style=\"position: absolute;\" data-key=\"rs-2\" data-title=\"Slide\" data-anim=\"adpr:false;\">\n\t\t\t\t\t\t\t<img decoding=\"async\" src=\"\/\/paulusminiatures.com\/wp-content\/plugins\/slider-revolution-master\/sr6\/assets\/assets\/dummy.png\" alt=\"\" title=\"Dream Table\" class=\"rev-slidebg tp-rs-img rs-lazyload\" data-lazyload=\"\/\/paulusminiatures.com\/wp-content\/uploads\/2021\/08\/timeline.jpg\" data-no-retina>\n\t\t\t\t\t\t\t<rs-bgvideo \n\t\t\t\t\t\t\t\tdata-video=\"w:100%;h:100%;nse:false;l:loopandnoslidestop;ptimer:false;vfc:true;\"\n\t\t\t\t\t\t\t\tdata-mp4=\"\/\/paulusminiatures.com\/wp-content\/uploads\/2021\/03\/dreamfinal.mp4\"\n\t\t\t\t\t\t\t><\/rs-bgvideo>\n<!---->\t\t\t\t\t<\/rs-slide>\n\t\t\t\t\t<\/rs-slides>\n\t\t\t\t<\/rs-module>\n\t\t\t\t<script>\n\t\t\t\t\tsetREVStartSize({c: 'rev_slider_2_1',rl:[1240,1024,778,480],el:[],gw:[1240],gh:[868],type:'hero',justify:'',layout:'fullwidth',mh:\"0\"});if (window.RS_MODULES!==undefined && window.RS_MODULES.modules!==undefined && window.RS_MODULES.modules[\"revslider21\"]!==undefined) {window.RS_MODULES.modules[\"revslider21\"].once = false;window.revapi2 = undefined;if (window.RS_MODULES.checkMinimal!==undefined) window.RS_MODULES.checkMinimal()}\n\t\t\t\t<\/script>\n\t\t\t<\/rs-module-wrap>\n\t\t\t<!-- END REVOLUTION SLIDER -->\n<\/div><\/div><\/div><\/div><\/div><div class=\"edgtf-row-grid-section-wrapper edgtf-parallax-row-holder edgtf-row-with-shadow\" data-parallax-bg-image=\"https:\/\/paulusminiatures.com\/wp-content\/uploads\/2020\/05\/fundooutro.jpg\" data-parallax-bg-speed=\"1\" ><div class=\"edgtf-row-grid-section\"><div class=\"vc_row wpb_row vc_row-fluid vc_custom_1622819323887\" ><div class=\"wpb_column vc_column_container vc_col-sm-12\"><div class=\"vc_column-inner vc_custom_1602590958380\"><div class=\"wpb_wrapper\"><div class=\"edgtf-section-title-holder  edgtf-st-standard\" style=\"padding: 0 0px;text-align: center\">\n\t<div class=\"edgtf-st-inner\">\n\t\t\t\t\t<h2 class=\"edgtf-st-title\" >\n\t\t\t\tProjets en D\u00e9veloppement\t\t\t<\/h2>\n\t\t        \n            <div class=\"edgtf-st-separator\" style=\"margin-top: 6px\">\n\n            <svg version=\"1.1\" xmlns=\"http:\/\/www.w3.org\/2000\/svg\" xmlns:xlink=\"http:\/\/www.w3.org\/1999\/xlink\" x=\"0px\" y=\"0px\"\n\t width=\"124.985px\" height=\"3.411px\" viewbox=\"0 0 124.985 3.411\" enable-background=\"new 0 0 124.985 3.411\" xml:space=\"preserve\">\n<polygon fill=\"#FFFFFF\" points=\"0,0 124.985,0 124.985,1.121 96.484,1.121 86.944,3.411 38.67,3.411 29.162,1.121 0,1.121 \"\/>\n<\/svg>            <\/div>\n        \t\t\t\t\t<p class=\"edgtf-st-text\" >\n\t\t\t\tL'avenir est l\u00e0. Voyez ce que nous pr\u00e9parons pour vous.\t\t\t<\/p>\n\t\t\t<\/div>\n<\/div><\/div><\/div><\/div><div class=\"wpb_column vc_column_container vc_col-sm-10 vc_col-lg-offset-0 vc_col-lg-6 vc_col-md-offset-0 vc_col-md-8 vc_col-sm-offset-0 vc_col-xs-12\"><div class=\"vc_column-inner\"><div class=\"wpb_wrapper\">\n\t<div class=\"wpb_text_column wpb_content_element\" >\n\t\t<div class=\"wpb_wrapper\">\n\t\t\t<h3>Figuras Lend\u00e1rias<\/h3>\n\n\t\t<\/div>\n\t<\/div>\n<div class=\"vc_empty_space\"   style=\"height: 38px\"><span class=\"vc_empty_space_inner\"><\/span><\/div><div class=\"edgtf-tabs tabs-without-padding edgtf-tabs-standard\">\n\t<ul class=\"edgtf-tabs-nav clearfix\">\n\t\t\t<\/ul>\n\t<div class=\"edgtf-tab-container\" id=\"tab-tab-782\">\n\t<div class=\"wpb_text_column wpb_content_element vc_custom_1656585132683\" >\n\t\t<div class=\"wpb_wrapper\">\n\t\t\t<p>Figuras marcantes da Hist\u00f3ria.<\/p>\n\n\t\t<\/div>\n\t<\/div>\n<\/div><\/div><\/div><\/div><\/div><div class=\"wpb_column vc_column_container vc_col-sm-2 vc_col-lg-offset-0 vc_col-lg-6 vc_col-md-offset-0 vc_col-md-4 vc_col-sm-offset-0 vc_hidden-xs\"><div class=\"vc_column-inner\"><div class=\"wpb_wrapper\"><div class=\"edgtf-animation-holder edgtf-grow-in\" data-animation=\"edgtf-grow-in\" data-animation-delay=\"\"><div class=\"edgtf-animation-inner\">\n\t<div  class=\"wpb_single_image wpb_content_element vc_align_center wpb_content_element vc_custom_1656585212726\">\n\t\t\n\t\t<figure class=\"wpb_wrapper vc_figure\">\n\t\t\t<div class=\"vc_single_image-wrapper vc_box_rounded  vc_box_border_grey\"><img decoding=\"async\" width=\"768\" height=\"1024\" src=\"https:\/\/paulusminiatures.com\/wp-content\/uploads\/2022\/06\/nostradamus-768x1024.jpg\" class=\"vc_single_image-img attachment-large\" alt=\"\" title=\"nostradamus\" srcset=\"https:\/\/paulusminiatures.com\/wp-content\/uploads\/2022\/06\/nostradamus-768x1024.jpg 768w, https:\/\/paulusminiatures.com\/wp-content\/uploads\/2022\/06\/nostradamus-225x300.jpg 225w, https:\/\/paulusminiatures.com\/wp-content\/uploads\/2022\/06\/nostradamus-1152x1536.jpg 1152w, https:\/\/paulusminiatures.com\/wp-content\/uploads\/2022\/06\/nostradamus-9x12.jpg 9w, https:\/\/paulusminiatures.com\/wp-content\/uploads\/2022\/06\/nostradamus-600x800.jpg 600w, https:\/\/paulusminiatures.com\/wp-content\/uploads\/2022\/06\/nostradamus.jpg 1536w\" sizes=\"(max-width: 768px) 100vw, 768px\" \/><\/div>\n\t\t<\/figure>\n\t<\/div>\n<\/div><\/div><\/div><\/div><\/div><\/div><\/div><\/div><div class=\"edgtf-row-grid-section-wrapper\"  ><div class=\"edgtf-row-grid-section\"><div class=\"vc_row wpb_row vc_row-fluid vc_custom_1602601936301\" ><div class=\"wpb_column vc_column_container vc_col-sm-12 vc_col-lg-offset-1 vc_col-lg-10 vc_col-md-12 vc_col-sm-offset-0 vc_col-xs-12\"><div class=\"vc_column-inner\"><div class=\"wpb_wrapper\"><div class=\"edgtf-section-title-holder  edgtf-st-standard edgtf-st-disable-title-break\" style=\"padding: 0 0px\">\n\t<div class=\"edgtf-st-inner\">\n\t\t\t\t\t<h1 class=\"edgtf-st-title\" >\n\t\t\t\tYour Dreams<br \/>\t\t\t<\/h1>\n\t\t        \n            <div class=\"edgtf-st-separator\" style=\"margin-top: 6px\">\n\n            <svg version=\"1.1\" xmlns=\"http:\/\/www.w3.org\/2000\/svg\" xmlns:xlink=\"http:\/\/www.w3.org\/1999\/xlink\" x=\"0px\" y=\"0px\"\n\t width=\"124.985px\" height=\"3.411px\" viewbox=\"0 0 124.985 3.411\" enable-background=\"new 0 0 124.985 3.411\" xml:space=\"preserve\">\n<polygon fill=\"#FFFFFF\" points=\"0,0 124.985,0 124.985,1.121 96.484,1.121 86.944,3.411 38.67,3.411 29.162,1.121 0,1.121 \"\/>\n<\/svg>            <\/div>\n        \t\t\t\t\t<p class=\"edgtf-st-text\" style=\"color: #ffffff;margin-top: 17px\">\n\t\t\t\tPartagez avec nous vos opinions, suggestions, souhaits et autres. Nous aimerions conna\u00eetre vos souhaits de nouvelles collections afin d'\u00e9largir la famille \u00e0 d'autres horizons.\t\t\t<\/p>\n\t\t\t<\/div>\n<\/div>\n<div class=\"wpcf7 no-js\" id=\"wpcf7-f3275-o1\" lang=\"pt-PT\" dir=\"ltr\" data-wpcf7-id=\"3275\">\n<div class=\"screen-reader-response\"><p role=\"status\" aria-live=\"polite\" aria-atomic=\"true\"><\/p> <ul><\/ul><\/div>\n<form action=\"\/fr\/wp-json\/wp\/v2\/pages\/668#wpcf7-f3275-o1\" method=\"post\" class=\"wpcf7-form init\" aria-label=\"Formul\u00e1rio de contacto\" novalidate=\"novalidate\" data-status=\"init\" data-trp-original-action=\"\/fr\/wp-json\/wp\/v2\/pages\/668#wpcf7-f3275-o1\">\n<fieldset class=\"hidden-fields-container\"><input type=\"hidden\" name=\"_wpcf7\" value=\"3275\" \/><input type=\"hidden\" name=\"_wpcf7_version\" value=\"6.1.2\" \/><input type=\"hidden\" name=\"_wpcf7_locale\" value=\"pt_PT\" \/><input type=\"hidden\" name=\"_wpcf7_unit_tag\" value=\"wpcf7-f3275-o1\" \/><input type=\"hidden\" name=\"_wpcf7_container_post\" value=\"0\" \/><input type=\"hidden\" name=\"_wpcf7_posted_data_hash\" value=\"\" \/>\n<\/fieldset>\n<p><label> Votre e-mail<br \/>\n<span class=\"wpcf7-form-control-wrap\" data-name=\"your-email\"><input size=\"40\" maxlength=\"400\" class=\"wpcf7-form-control wpcf7-email wpcf7-validates-as-required wpcf7-text wpcf7-validates-as-email\" aria-required=\"true\" aria-invalid=\"false\" value=\"\" type=\"email\" name=\"your-email\" \/><\/span> <\/label>\n<\/p>\n<p><label> Votre message<br \/>\n<span class=\"wpcf7-form-control-wrap\" data-name=\"your-message\"><textarea cols=\"40\" rows=\"10\" maxlength=\"2000\" class=\"wpcf7-form-control wpcf7-textarea\" aria-invalid=\"false\" name=\"your-message\"><\/textarea><\/span> <\/label>\n<\/p>\n<p><label><br \/>\n<span class=\"wpcf7-form-control-wrap\" data-name=\"acceptance-114\"><span class=\"wpcf7-form-control wpcf7-acceptance\"><span class=\"wpcf7-list-item\"><label><input type=\"checkbox\" name=\"acceptance-114\" value=\"1\" aria-invalid=\"false\" \/><span class=\"wpcf7-list-item-label\">Eu li e entendi a pol\u00edtica de privacidade.<\/span><\/label><\/span><\/span><\/span><br \/>\n<\/label>\n<\/p>\n<p><input class=\"wpcf7-form-control wpcf7-submit has-spinner\" type=\"submit\" value=\"Envoyer\" \/>\n<\/p><div class=\"wpcf7-response-output\" aria-hidden=\"true\"><\/div>\n<input type=\"hidden\" name=\"trp-form-language\" value=\"fr\"\/><\/form>\n<\/div>\n<\/div><\/div><\/div><\/div><\/div><\/div><div class=\"edgtf-row-grid-section-wrapper edgtf-parallax-row-holder edgtf-row-with-shadow\" data-parallax-bg-image=\"https:\/\/paulusminiatures.com\/wp-content\/uploads\/2020\/05\/fundooutro.jpg\" data-parallax-bg-speed=\"1\" ><div class=\"edgtf-row-grid-section\"><div class=\"vc_row wpb_row vc_row-fluid vc_custom_1602591053893\" ><div class=\"wpb_column vc_column_container vc_col-sm-12\"><div class=\"vc_column-inner vc_custom_1602590958380\"><div class=\"wpb_wrapper\"><div class=\"vc_row wpb_row vc_inner vc_row-fluid\" ><div class=\"wpb_column vc_column_container vc_col-sm-12 vc_col-has-fill\"><div class=\"vc_column-inner vc_custom_1623165555470\"><div class=\"wpb_wrapper\"><div class=\"edgtf-section-title-holder  edgtf-st-standard edgtf-st-disable-title-break\" style=\"padding: 0 0px;text-align: center\">\n\t<div class=\"edgtf-st-inner\">\n\t\t\t\t\t<h2 class=\"edgtf-st-title\" >\n\t\t\t\tRecommandations d\u2019Assemblage et de Peinture\t\t\t<\/h2>\n\t\t        \n            <div class=\"edgtf-st-separator\" style=\"margin-top: 6px\">\n\n            <svg version=\"1.1\" xmlns=\"http:\/\/www.w3.org\/2000\/svg\" xmlns:xlink=\"http:\/\/www.w3.org\/1999\/xlink\" x=\"0px\" y=\"0px\"\n\t width=\"124.985px\" height=\"3.411px\" viewbox=\"0 0 124.985 3.411\" enable-background=\"new 0 0 124.985 3.411\" xml:space=\"preserve\">\n<polygon fill=\"#FFFFFF\" points=\"0,0 124.985,0 124.985,1.121 96.484,1.121 86.944,3.411 38.67,3.411 29.162,1.121 0,1.121 \"\/>\n<\/svg>            <\/div>\n        \t\t\t<\/div>\n<\/div><\/div><\/div><\/div><\/div><div class=\"vc_row wpb_row vc_inner vc_row-fluid vc_custom_1623249565342 vc_row-o-content-middle vc_row-flex\" ><div class=\"wpb_column vc_column_container vc_col-sm-6\"><div class=\"vc_column-inner\"><div class=\"wpb_wrapper\">\n\t<div  class=\"wpb_single_image wpb_content_element vc_align_left wpb_content_element vc_custom_1623250495214\">\n\t\t\n\t\t<figure class=\"wpb_wrapper vc_figure\">\n\t\t\t<div class=\"vc_single_image-wrapper   vc_box_border_grey\"><img decoding=\"async\" width=\"1254\" height=\"798\" src=\"https:\/\/paulusminiatures.com\/wp-content\/uploads\/2021\/06\/pecas.jpg\" class=\"vc_single_image-img attachment-full\" alt=\"\" title=\"pecas\" srcset=\"https:\/\/paulusminiatures.com\/wp-content\/uploads\/2021\/06\/pecas.jpg 1254w, https:\/\/paulusminiatures.com\/wp-content\/uploads\/2021\/06\/pecas-300x191.jpg 300w, https:\/\/paulusminiatures.com\/wp-content\/uploads\/2021\/06\/pecas-1024x652.jpg 1024w, https:\/\/paulusminiatures.com\/wp-content\/uploads\/2021\/06\/pecas-768x489.jpg 768w, https:\/\/paulusminiatures.com\/wp-content\/uploads\/2021\/06\/pecas-16x10.jpg 16w, https:\/\/paulusminiatures.com\/wp-content\/uploads\/2021\/06\/pecas-600x382.jpg 600w\" sizes=\"(max-width: 1254px) 100vw, 1254px\" \/><\/div>\n\t\t<\/figure>\n\t<\/div>\n<\/div><\/div><\/div><div class=\"wpb_column vc_column_container vc_col-sm-6\"><div class=\"vc_column-inner\"><div class=\"wpb_wrapper\">\n\t<div class=\"wpb_text_column wpb_content_element\" >\n\t\t<div class=\"wpb_wrapper\">\n\t\t\t<p class=\"ydpfecf7429MsoNormal\">Tous les mod\u00e8les sont produits en r\u00e9sine thermoplastique de haute qualit\u00e9 et livr\u00e9s non peints.<\/p>\n<p class=\"ydpfecf7429MsoNormal\">La plupart des figurines, animaux et accessoires comprennent des pi\u00e8ces petites et fragiles et doivent \u00eatre manipul\u00e9es avec pr\u00e9caution.<\/p>\n<p class=\"ydpfecf7429MsoNormal\">L\u2019assemblage doit \u00eatre effectu\u00e9 par un adulte ou plus de 14 ans, en raison de super colle (gel) et d\u2019outils tranchants (comme couteu de mod\u00e9lisme). AVIS IMPORTANT: Ce n\u2019est pas un jouet. Risque d\u2019\u00e9touffement.<\/p>\n\n\t\t<\/div>\n\t<\/div>\n<\/div><\/div><\/div><\/div><div class=\"vc_row wpb_row vc_inner vc_row-fluid vc_row-o-content-middle vc_row-flex\" ><div class=\"wpb_column vc_column_container vc_col-sm-6\"><div class=\"vc_column-inner\"><div class=\"wpb_wrapper\">\n\t<div class=\"wpb_text_column wpb_content_element\" >\n\t\t<div class=\"wpb_wrapper\">\n\t\t\t<p class=\"ydpfecf7429MsoNormal\">Avant d\u2019assembler les pi\u00e8ces, v\u00e9rifiez q\u2019elles s\u2019ajustent bien. En raison de l\u2019utilisation de diff\u00e9rents m\u00e9thodes de production, certaines pi\u00e8ces peuvent n\u00e9cessiter l\u2019\u00e9limination de exc\u00e8s de mat\u00e9riau avec un pon\u00e7age \/ coupe ou un remplissage doux pour un meilleur ajustement.<\/p>\n<p class=\"ydpfecf7429MsoNormal\">La qualit\u00e9 de la r\u00e9sine offre d\u2019excellents d\u00e9tails et une tr\u00eas bonne adh\u00e9rence de la peinture. Habituellement, un appr\u00eat est aplique avant de peindre avec des peintures acryliques pour de meilleurs r\u00e9sultats.<\/p>\n<p class=\"ydpfecf7429MsoNormal\">Pour des recommandations plus sp\u00e9cifiques sur le type d\u2019outils efficaces et de marques \u00e0 utiliser, demandez conseil \u00e0 votre atelier de mod\u00e9lisme. Il existe plusieurs marques avec des gammes \u00e9tendues contenant tout ce dont vous pourriez avoir besoin pour assembler, peindre et cr\u00e9er des dioramas inoubliables avec les figurines Paulus Miniatures.<\/p>\n\n\t\t<\/div>\n\t<\/div>\n<\/div><\/div><\/div><div class=\"wpb_column vc_column_container vc_col-sm-6\"><div class=\"vc_column-inner\"><div class=\"wpb_wrapper\">\n\t<div  class=\"wpb_single_image wpb_content_element vc_align_left wpb_content_element\">\n\t\t\n\t\t<figure class=\"wpb_wrapper vc_figure\">\n\t\t\t<div class=\"vc_single_image-wrapper   vc_box_border_grey\"><img decoding=\"async\" width=\"500\" height=\"500\" src=\"https:\/\/paulusminiatures.com\/wp-content\/uploads\/2020\/05\/costatransparnte.png\" class=\"vc_single_image-img attachment-full\" alt=\"\" title=\"costatransparnte\" srcset=\"https:\/\/paulusminiatures.com\/wp-content\/uploads\/2020\/05\/costatransparnte.png 500w, https:\/\/paulusminiatures.com\/wp-content\/uploads\/2020\/05\/costatransparnte-300x300.png 300w, https:\/\/paulusminiatures.com\/wp-content\/uploads\/2020\/05\/costatransparnte-150x150.png 150w, https:\/\/paulusminiatures.com\/wp-content\/uploads\/2020\/05\/costatransparnte-100x100.png 100w\" sizes=\"(max-width: 500px) 100vw, 500px\" \/><\/div>\n\t\t<\/figure>\n\t<\/div>\n<\/div><\/div><\/div><\/div><\/div><\/div><\/div><\/div><\/div><\/div>\n<\/div>","protected":false},"excerpt":{"rendered":"Projectos em desenvolvimento O futuro est\u00e1 aqui. Veja o que estamos a preparar para si. Figuras Lend\u00e1rias Figuras marcantes da Hist\u00f3ria. Your Dreams Partilhe connosco as suas opini\u00f5es, sugest\u00f5es, desejos e outros. Gostar\u00edamos de saber os seus desejos para novas colec\u00e7\u00f5es de modo a expandir a fam\u00edlia a outros horizontes. O seu email [...]","protected":false},"author":1,"featured_media":0,"parent":0,"menu_order":0,"comment_status":"closed","ping_status":"closed","template":"full-width.php","meta":{"footnotes":""},"class_list":["post-668","page","type-page","status-publish","hentry"],"aioseo_notices":[],"_links":{"self":[{"href":"https:\/\/paulusminiatures.com\/fr\/wp-json\/wp\/v2\/pages\/668","targetHints":{"allow":["GET"]}}],"collection":[{"href":"https:\/\/paulusminiatures.com\/fr\/wp-json\/wp\/v2\/pages"}],"about":[{"href":"https:\/\/paulusminiatures.com\/fr\/wp-json\/wp\/v2\/types\/page"}],"author":[{"embeddable":true,"href":"https:\/\/paulusminiatures.com\/fr\/wp-json\/wp\/v2\/users\/1"}],"replies":[{"embeddable":true,"href":"https:\/\/paulusminiatures.com\/fr\/wp-json\/wp\/v2\/comments?post=668"}],"version-history":[{"count":0,"href":"https:\/\/paulusminiatures.com\/fr\/wp-json\/wp\/v2\/pages\/668\/revisions"}],"wp:attachment":[{"href":"https:\/\/paulusminiatures.com\/fr\/wp-json\/wp\/v2\/media?parent=668"}],"curies":[{"name":"wp","href":"https:\/\/api.w.org\/{rel}","templated":true}]}}