{"id":825,"date":"2018-06-07T12:55:13","date_gmt":"2018-06-07T12:55:13","guid":{"rendered":"http:\/\/playerx.edge-themes.com\/?page_id=825"},"modified":"2020-07-30T14:30:49","modified_gmt":"2020-07-30T14:30:49","slug":"sobrenos","status":"publish","type":"page","link":"https:\/\/paulusminiatures.com\/fr\/sobrenos\/","title":{"rendered":"Sobre N\u00f3s"},"content":{"rendered":"<div class=\"wpb-content-wrapper\"><div data-vc-parallax-image=\"https:\/\/www.youtube.com\/watch?v=wAG94KLhwDQ\" data-vc-video-bg=\"https:\/\/www.youtube.com\/watch?v=wAG94KLhwDQ\" class=\"vc_row wpb_row vc_row-fluid edgtf-fixed-on-touch vc_row-has-fill vc_row-o-full-height vc_row-o-columns-middle vc_row-flex vc_video-bg-container\" ><div class=\"wpb_column vc_column_container vc_col-sm-2 vc_col-lg-6 vc_col-md-4 vc_hidden-xs\"><div class=\"vc_column-inner\"><div class=\"wpb_wrapper\"><\/div><\/div><\/div><div class=\"wpb_column vc_column_container vc_col-sm-10 vc_col-lg-offset-0 vc_col-lg-6 vc_col-md-8 vc_col-xs-12\"><div class=\"vc_column-inner\"><div class=\"wpb_wrapper\"><div class=\"edgtf-elements-holder   edgtf-one-column  edgtf-responsive-mode-768\" ><div class=\"edgtf-eh-item\"  data-item-class=\"edgtf-eh-custom-5249\" data-1367-1600=\"45% 16% 17% 0\" data-1025-1366=\"40% 14% 18% 0\" data-769-1024=\"35% 20% 35% 0\" data-681-768=\"40% 12.5% 40% 0\" data-680=\"45% 4%\">\n\t<div class=\"edgtf-eh-item-inner\">\n\t\t<div class=\"edgtf-eh-item-content edgtf-eh-custom-5249\" style=\"padding: 40.5% 37.5% 13% 0\">\n\t\t\t<div class=\"edgtf-section-title-holder  edgtf-st-standard\" style=\"padding: 0 0px;text-align: center\">\n\t<div class=\"edgtf-st-inner\">\n\t\t\t\t\t<h2 class=\"edgtf-st-title\" >\n\t\t\t\tA Paulus Miniatures\t\t\t<\/h2>\n\t\t        \n            <div class=\"edgtf-st-separator\" style=\"margin-top: 13px\">\n\n            <svg version=\"1.1\" xmlns=\"http:\/\/www.w3.org\/2000\/svg\" xmlns:xlink=\"http:\/\/www.w3.org\/1999\/xlink\" x=\"0px\" y=\"0px\"\n\t width=\"124.985px\" height=\"3.411px\" viewbox=\"0 0 124.985 3.411\" enable-background=\"new 0 0 124.985 3.411\" xml:space=\"preserve\">\n<polygon fill=\"#FFFFFF\" points=\"0,0 124.985,0 124.985,1.121 96.484,1.121 86.944,3.411 38.67,3.411 29.162,1.121 0,1.121 \"\/>\n<\/svg>            <\/div>\n        \t\t\t\t\t<p class=\"edgtf-st-text\" style=\"color: #ffffff;margin-top: 15px\">\n\t\t\t\tA Paulus Miniatures nasceu do desejo de ensinar crian\u00e7as com miniaturas, de uma forma estimulante e imaginativa, como complemento \u00e0 escola e o envolvimento dos progenitores.<br \/>\nCada pe\u00e7a \u00e9 cuidadosamente pesquisada e esculpida como uma pequena (paulus) est\u00e1tua, contendo uma mensagem de conhecimento.<br \/>\nOs altos padr\u00f5es de qualidade contemplam os entusiastas adultos que apreciam a magia inerente \u00e0s miniaturas.\t\t\t<\/p>\n\t\t\t<\/div>\n<\/div><div class=\"vc_empty_space\"   style=\"height: 45px\"><span class=\"vc_empty_space_inner\"><\/span><\/div>\t\t<\/div>\n\t<\/div>\n<\/div><\/div><\/div><\/div><\/div><\/div><div data-parallax-bg-image=\"https:\/\/paulusminiatures.com\/wp-content\/uploads\/2020\/05\/fundooutro.jpg\" data-parallax-bg-speed=\"1\" class=\"vc_row wpb_row vc_row-fluid edgtf-fixed-on-touch vc_row-o-content-middle vc_row-flex edgtf-parallax-row-holder edgtf-content-aligment-center\" ><div class=\"wpb_column vc_column_container vc_col-sm-2 vc_col-lg-offset-0 vc_col-lg-6 vc_col-md-8 vc_col-xs-12\"><div class=\"vc_column-inner\"><div class=\"wpb_wrapper\"><div class=\"edgtf-elements-holder   edgtf-one-column  edgtf-responsive-mode-768\" ><div class=\"edgtf-eh-item   edgtf-horizontal-alignment-center\"  data-item-class=\"edgtf-eh-custom-7051\" data-1367-1600=\"45% 16% 17% 0\" data-1025-1366=\"40% 14% 18% 0\" data-769-1024=\"35% 20% 35% 0\" data-681-768=\"40% 12.5% 40% 0\" data-680=\"45% 4%\">\n\t<div class=\"edgtf-eh-item-inner\">\n\t\t<div class=\"edgtf-eh-item-content edgtf-eh-custom-7051\" style=\"padding: 0 0 13% 37.5%\">\n\t\t\t<div class=\"vc_empty_space\"   style=\"height: 40px\"><span class=\"vc_empty_space_inner\"><\/span><\/div><div class=\"edgtf-section-title-holder  edgtf-st-standard\" style=\"padding: 0 0px\">\n\t<div class=\"edgtf-st-inner\">\n\t\t        \t\t\t\t\t<p class=\"edgtf-st-text\" >\n\t\t\t\tExistem duas escalas: 28mm e 54mm (ou 1\/32 e 1\/56).\t\t\t<\/p>\n\t\t\t<\/div>\n<\/div><div class=\"vc_empty_space\"   style=\"height: 40px\"><span class=\"vc_empty_space_inner\"><\/span><\/div><div class=\"edgtf-section-title-holder  edgtf-st-standard\" style=\"padding: 0 0px\">\n\t<div class=\"edgtf-st-inner\">\n\t\t        \t\t\t\t\t<p class=\"edgtf-st-text\" >\n\t\t\t\tCada figura \u00e9 medida desde o topo da cabe\u00e7a aos p\u00e9s, excluindo acess\u00f3rios na cabe\u00e7a e a base. A refer\u00eancia de altura t\u00edpica de um homem \u00e9 de 1,80m, pelo que uma escultura de um homem em p\u00e9 tem 28mm (ou 54mm) de altura. Por outras palavras, a altura \u00e9 de facto de 28mm e 54mm, contemplando diferen\u00e7as de g\u00e9nero, idade e pose.\t\t\t<\/p>\n\t\t\t<\/div>\n<\/div><div class=\"vc_empty_space\"   style=\"height: 40px\"><span class=\"vc_empty_space_inner\"><\/span><\/div><div class=\"edgtf-section-title-holder  edgtf-st-standard\" style=\"padding: 0 0px\">\n\t<div class=\"edgtf-st-inner\">\n\t\t        \t\t\t\t\t<p class=\"edgtf-st-text\" >\n\t\t\t\tO material utilizado para a produ\u00e7\u00e3o \u00e9 resina termopl\u00e1stica, que \u00e9 flex\u00edvel, n\u00e3o quebradi\u00e7a, excelente para pintar, permite elevado detalhe, \u00e9 segura para crian\u00e7as de mais de 3 anos de idade e recicl\u00e1vel.\t\t\t<\/p>\n\t\t\t<\/div>\n<\/div><div class=\"vc_empty_space\"   style=\"height: 40px\"><span class=\"vc_empty_space_inner\"><\/span><\/div>\t\t<\/div>\n\t<\/div>\n<\/div><\/div><\/div><\/div><\/div><div class=\"wpb_column vc_column_container vc_col-sm-10 vc_col-lg-6 vc_col-md-4 vc_hidden-xs\"><div class=\"vc_column-inner\"><div class=\"wpb_wrapper\"><div class=\"edgtf-elements-holder   edgtf-one-column  edgtf-responsive-mode-768 edgtf-one-column-alignment-center\" ><div class=\"edgtf-eh-item   edgtf-horizontal-alignment-center\"  data-item-class=\"edgtf-eh-custom-4279\">\n\t<div class=\"edgtf-eh-item-inner\">\n\t\t<div class=\"edgtf-eh-item-content edgtf-eh-custom-4279\" >\n\t\t\t\n\t<div  class=\"wpb_single_image wpb_content_element vc_align_center wpb_content_element wpb_animate_when_almost_visible wpb_left-to-right left-to-right\">\n\t\t\n\t\t<figure class=\"wpb_wrapper vc_figure\">\n\t\t\t<div class=\"vc_single_image-wrapper vc_box_circle  vc_box_border_grey\"><\/div>\n\t\t<\/figure>\n\t<\/div>\n\t\t<\/div>\n\t<\/div>\n<\/div><\/div><\/div><\/div><\/div><\/div>\n<\/div>","protected":false},"excerpt":{"rendered":"A Paulus Miniatures A Paulus Miniatures nasceu do desejo de ensinar crian\u00e7as com miniaturas, de uma forma estimulante e imaginativa, como complemento \u00e0 escola e o envolvimento dos progenitores. Cada pe\u00e7a \u00e9 cuidadosamente pesquisada e esculpida como uma pequena (paulus) est\u00e1tua, contendo uma mensagem de conhecimento. Os altos padr\u00f5es de qualidade contemplam os [...]","protected":false},"author":1,"featured_media":0,"parent":0,"menu_order":0,"comment_status":"closed","ping_status":"closed","template":"full-width.php","meta":{"footnotes":""},"class_list":["post-825","page","type-page","status-publish","hentry"],"aioseo_notices":[],"_links":{"self":[{"href":"https:\/\/paulusminiatures.com\/fr\/wp-json\/wp\/v2\/pages\/825","targetHints":{"allow":["GET"]}}],"collection":[{"href":"https:\/\/paulusminiatures.com\/fr\/wp-json\/wp\/v2\/pages"}],"about":[{"href":"https:\/\/paulusminiatures.com\/fr\/wp-json\/wp\/v2\/types\/page"}],"author":[{"embeddable":true,"href":"https:\/\/paulusminiatures.com\/fr\/wp-json\/wp\/v2\/users\/1"}],"replies":[{"embeddable":true,"href":"https:\/\/paulusminiatures.com\/fr\/wp-json\/wp\/v2\/comments?post=825"}],"version-history":[{"count":0,"href":"https:\/\/paulusminiatures.com\/fr\/wp-json\/wp\/v2\/pages\/825\/revisions"}],"wp:attachment":[{"href":"https:\/\/paulusminiatures.com\/fr\/wp-json\/wp\/v2\/media?parent=825"}],"curies":[{"name":"wp","href":"https:\/\/api.w.org\/{rel}","templated":true}]}}