{"id":4047,"date":"2021-06-15T10:36:34","date_gmt":"2021-06-15T10:36:34","guid":{"rendered":"https:\/\/paulusminiatures.com\/?post_type=product&#038;p=4047"},"modified":"2021-10-21T10:21:34","modified_gmt":"2021-10-21T10:21:34","slug":"conjunto-educacional-lithos","status":"publish","type":"product","link":"https:\/\/paulusminiatures.com\/fr\/produit\/conjunto-educacional-lithos\/","title":{"rendered":"Ensemble \u00c9ducatif Lithos"},"content":{"rendered":"<p>Maquette en r\u00e9sine non peinte de haute qualit\u00e9. Contient des pi\u00e8ces petites et fragiles. Assemblage requis (avec gel superglue) par adulte ou plus de 14 ans.<\/p>","protected":false},"excerpt":{"rendered":"<p>Comprend une affiche avec un r\u00e9sum\u00e9 du contenu et une base d'exposition de figurines<\/p>","protected":false},"featured_media":4320,"template":"","meta":[],"product_brand":[],"product_cat":[206,195],"product_tag":[],"class_list":{"0":"post-4047","1":"product","2":"type-product","3":"status-publish","4":"has-post-thumbnail","6":"product_cat-educativo","7":"product_cat-pre-historia","9":"first","10":"instock","11":"taxable","12":"shipping-taxable","13":"purchasable","14":"product-type-variable"},"aioseo_notices":[],"_links":{"self":[{"href":"https:\/\/paulusminiatures.com\/fr\/wp-json\/wp\/v2\/product\/4047","targetHints":{"allow":["GET"]}}],"collection":[{"href":"https:\/\/paulusminiatures.com\/fr\/wp-json\/wp\/v2\/product"}],"about":[{"href":"https:\/\/paulusminiatures.com\/fr\/wp-json\/wp\/v2\/types\/product"}],"wp:featuredmedia":[{"embeddable":true,"href":"https:\/\/paulusminiatures.com\/fr\/wp-json\/wp\/v2\/media\/4320"}],"wp:attachment":[{"href":"https:\/\/paulusminiatures.com\/fr\/wp-json\/wp\/v2\/media?parent=4047"}],"wp:term":[{"taxonomy":"product_brand","embeddable":true,"href":"https:\/\/paulusminiatures.com\/fr\/wp-json\/wp\/v2\/product_brand?post=4047"},{"taxonomy":"product_cat","embeddable":true,"href":"https:\/\/paulusminiatures.com\/fr\/wp-json\/wp\/v2\/product_cat?post=4047"},{"taxonomy":"product_tag","embeddable":true,"href":"https:\/\/paulusminiatures.com\/fr\/wp-json\/wp\/v2\/product_tag?post=4047"}],"curies":[{"name":"wp","href":"https:\/\/api.w.org\/{rel}","templated":true}]}}