{"id":5617,"date":"2024-07-18T14:38:08","date_gmt":"2024-07-18T14:38:08","guid":{"rendered":"https:\/\/paulusminiatures.com\/?post_type=product&#038;p=5617"},"modified":"2024-07-24T10:41:39","modified_gmt":"2024-07-24T10:41:39","slug":"arauto-henry-o-trovao","status":"publish","type":"product","link":"https:\/\/paulusminiatures.com\/fr\/produit\/arauto-henry-o-trovao\/","title":{"rendered":"Arauto Henry &#8220;O Trov\u00e3o&#8221;"},"content":{"rendered":"<p>Maquette en r\u00e9sine de haute qualit\u00e9, non peinte. Contient des pi\u00e8ces petites et fragiles. Assemblage requis (avec gel super glue) par adulte ou de plus de 14 ans. REMARQUE : la figure n'est pas incluse, elle appara\u00eet sur la photo \u00e0 des fins de comparaison d'\u00e9chelle uniquement.<\/p>","protected":false},"excerpt":{"rendered":"<p>Maquette en r\u00e9sine de haute qualit\u00e9, non peinte. Contient des pi\u00e8ces petites et fragiles. Assemblage requis (avec gel super glue) par adulte ou de plus de 14 ans. REMARQUE : la figure n'est pas incluse, elle appara\u00eet sur la photo \u00e0 des fins de comparaison d'\u00e9chelle uniquement.<\/p>","protected":false},"featured_media":5621,"template":"","meta":[],"product_brand":[],"product_cat":[199],"product_tag":[],"class_list":{"0":"post-5617","1":"product","2":"type-product","3":"status-publish","4":"has-post-thumbnail","6":"product_cat-medieval","8":"first","9":"instock","10":"taxable","11":"shipping-taxable","12":"purchasable","13":"product-type-variable"},"aioseo_notices":[],"_links":{"self":[{"href":"https:\/\/paulusminiatures.com\/fr\/wp-json\/wp\/v2\/product\/5617","targetHints":{"allow":["GET"]}}],"collection":[{"href":"https:\/\/paulusminiatures.com\/fr\/wp-json\/wp\/v2\/product"}],"about":[{"href":"https:\/\/paulusminiatures.com\/fr\/wp-json\/wp\/v2\/types\/product"}],"wp:featuredmedia":[{"embeddable":true,"href":"https:\/\/paulusminiatures.com\/fr\/wp-json\/wp\/v2\/media\/5621"}],"wp:attachment":[{"href":"https:\/\/paulusminiatures.com\/fr\/wp-json\/wp\/v2\/media?parent=5617"}],"wp:term":[{"taxonomy":"product_brand","embeddable":true,"href":"https:\/\/paulusminiatures.com\/fr\/wp-json\/wp\/v2\/product_brand?post=5617"},{"taxonomy":"product_cat","embeddable":true,"href":"https:\/\/paulusminiatures.com\/fr\/wp-json\/wp\/v2\/product_cat?post=5617"},{"taxonomy":"product_tag","embeddable":true,"href":"https:\/\/paulusminiatures.com\/fr\/wp-json\/wp\/v2\/product_tag?post=5617"}],"curies":[{"name":"wp","href":"https:\/\/api.w.org\/{rel}","templated":true}]}}