{"id":5832,"date":"2021-03-12T16:52:37","date_gmt":"2021-03-12T16:52:37","guid":{"rendered":"https:\/\/paulusminiatures.com\/?post_type=product&#038;p=5832"},"modified":"2025-02-12T16:54:37","modified_gmt":"2025-02-12T16:54:37","slug":"kota-falecida","status":"publish","type":"product","link":"https:\/\/paulusminiatures.com\/fr\/produit\/kota-falecida\/","title":{"rendered":"KOTA D\u00e9c\u00e9d\u00e9e"},"content":{"rendered":"<p>Maquette en r\u00e9sine de haute qualit\u00e9, non peinte. Contient des pi\u00e8ces petites et fragiles. Assemblage requis (avec gel super glue) par adulte ou de plus de 14 ans. REMARQUE : la figure n'est pas incluse, elle appara\u00eet sur la photo \u00e0 des fins de comparaison d'\u00e9chelle uniquement.<\/p>","protected":false},"excerpt":{"rendered":"<p>Maquette en r\u00e9sine de haute qualit\u00e9, non peinte. Contient des pi\u00e8ces petites et fragiles. Assemblage requis (avec gel super glue) par adulte ou de plus de 14 ans. REMARQUE : la figure n'est pas incluse, elle appara\u00eet sur la photo \u00e0 des fins de comparaison d'\u00e9chelle uniquement.<\/p>","protected":false},"featured_media":4226,"template":"","meta":[],"product_brand":[],"product_cat":[207,195],"product_tag":[],"class_list":{"0":"post-5832","1":"product","2":"type-product","3":"status-publish","4":"has-post-thumbnail","6":"product_cat-figuras-unicas","7":"product_cat-pre-historia","9":"first","10":"instock","11":"taxable","12":"shipping-taxable","13":"purchasable","14":"product-type-variable"},"aioseo_notices":[],"_links":{"self":[{"href":"https:\/\/paulusminiatures.com\/fr\/wp-json\/wp\/v2\/product\/5832","targetHints":{"allow":["GET"]}}],"collection":[{"href":"https:\/\/paulusminiatures.com\/fr\/wp-json\/wp\/v2\/product"}],"about":[{"href":"https:\/\/paulusminiatures.com\/fr\/wp-json\/wp\/v2\/types\/product"}],"wp:featuredmedia":[{"embeddable":true,"href":"https:\/\/paulusminiatures.com\/fr\/wp-json\/wp\/v2\/media\/4226"}],"wp:attachment":[{"href":"https:\/\/paulusminiatures.com\/fr\/wp-json\/wp\/v2\/media?parent=5832"}],"wp:term":[{"taxonomy":"product_brand","embeddable":true,"href":"https:\/\/paulusminiatures.com\/fr\/wp-json\/wp\/v2\/product_brand?post=5832"},{"taxonomy":"product_cat","embeddable":true,"href":"https:\/\/paulusminiatures.com\/fr\/wp-json\/wp\/v2\/product_cat?post=5832"},{"taxonomy":"product_tag","embeddable":true,"href":"https:\/\/paulusminiatures.com\/fr\/wp-json\/wp\/v2\/product_tag?post=5832"}],"curies":[{"name":"wp","href":"https:\/\/api.w.org\/{rel}","templated":true}]}}