{"id":5912,"date":"2025-05-28T09:08:22","date_gmt":"2025-05-28T09:08:22","guid":{"rendered":"https:\/\/paulusminiatures.com\/?post_type=product&#038;p=5912"},"modified":"2025-05-28T09:15:31","modified_gmt":"2025-05-28T09:15:31","slug":"set-negocio-obscuro","status":"publish","type":"product","link":"https:\/\/paulusminiatures.com\/fr\/produit\/set-negocio-obscuro\/","title":{"rendered":"Set Neg\u00f3cio Obscuro"},"content":{"rendered":"<p>Maquette en r\u00e9sine de haute qualit\u00e9, non peinte. Contient des pi\u00e8ces petites et fragiles. Assemblage requis (avec gel super glue) par adulte ou de plus de 14 ans. REMARQUE : la figure n'est pas incluse, elle appara\u00eet sur la photo \u00e0 des fins de comparaison d'\u00e9chelle uniquement.<\/p>","protected":false},"excerpt":{"rendered":"<p>Maquette en r\u00e9sine de haute qualit\u00e9, non peinte. Contient des pi\u00e8ces petites et fragiles. Assemblage requis (avec gel super glue) par adulte ou de plus de 14 ans. REMARQUE : la figure n'est pas incluse, elle appara\u00eet sur la photo \u00e0 des fins de comparaison d'\u00e9chelle uniquement.<\/p>","protected":false},"featured_media":5908,"template":"","meta":[],"product_brand":[],"product_cat":[199],"product_tag":[],"class_list":{"0":"post-5912","1":"product","2":"type-product","3":"status-publish","4":"has-post-thumbnail","6":"product_cat-medieval","8":"first","9":"instock","10":"taxable","11":"shipping-taxable","12":"purchasable","13":"product-type-variable"},"aioseo_notices":[],"_links":{"self":[{"href":"https:\/\/paulusminiatures.com\/fr\/wp-json\/wp\/v2\/product\/5912","targetHints":{"allow":["GET"]}}],"collection":[{"href":"https:\/\/paulusminiatures.com\/fr\/wp-json\/wp\/v2\/product"}],"about":[{"href":"https:\/\/paulusminiatures.com\/fr\/wp-json\/wp\/v2\/types\/product"}],"wp:featuredmedia":[{"embeddable":true,"href":"https:\/\/paulusminiatures.com\/fr\/wp-json\/wp\/v2\/media\/5908"}],"wp:attachment":[{"href":"https:\/\/paulusminiatures.com\/fr\/wp-json\/wp\/v2\/media?parent=5912"}],"wp:term":[{"taxonomy":"product_brand","embeddable":true,"href":"https:\/\/paulusminiatures.com\/fr\/wp-json\/wp\/v2\/product_brand?post=5912"},{"taxonomy":"product_cat","embeddable":true,"href":"https:\/\/paulusminiatures.com\/fr\/wp-json\/wp\/v2\/product_cat?post=5912"},{"taxonomy":"product_tag","embeddable":true,"href":"https:\/\/paulusminiatures.com\/fr\/wp-json\/wp\/v2\/product_tag?post=5912"}],"curies":[{"name":"wp","href":"https:\/\/api.w.org\/{rel}","templated":true}]}}