{"id":3677,"date":"2021-03-03T11:53:08","date_gmt":"2021-03-03T11:53:08","guid":{"rendered":"https:\/\/miniaturas.creativediscovery.pt\/produto\/import-placeholder-for-81\/"},"modified":"2023-10-12T14:46:20","modified_gmt":"2023-10-12T14:46:20","slug":"teen-shooting-bow-standing","status":"publish","type":"product","link":"https:\/\/paulusminiatures.com\/it\/prodotto\/teen-shooting-bow-standing\/","title":{"rendered":"Ragazzo con l\u2019arco"},"content":{"rendered":"<p>Modelo \u00e0 escala em resina de alta qualidade, n\u00e3o pintado. Cont\u00e9m pe\u00e7as pequenas e fr\u00e1geis. Montagem necess\u00e1ria (com supercola em gel) por adulto ou maior de 14 anos.<\/p>","protected":false},"excerpt":{"rendered":"<p>Modelo \u00e0 escala em resina de alta qualidade, n\u00e3o pintado. Cont\u00e9m pe\u00e7as pequenas e fr\u00e1geis. Montagem necess\u00e1ria (com supercola em gel) por adulto ou maior de 14 anos.<\/p>","protected":false},"featured_media":5273,"template":"","meta":[],"product_brand":[],"product_cat":[207,195],"product_tag":[],"class_list":{"0":"post-3677","1":"product","2":"type-product","3":"status-publish","4":"has-post-thumbnail","6":"product_cat-figuras-unicas","7":"product_cat-pre-historia","9":"first","10":"instock","11":"taxable","12":"shipping-taxable","13":"purchasable","14":"product-type-variable"},"aioseo_notices":[],"_links":{"self":[{"href":"https:\/\/paulusminiatures.com\/it\/wp-json\/wp\/v2\/product\/3677","targetHints":{"allow":["GET"]}}],"collection":[{"href":"https:\/\/paulusminiatures.com\/it\/wp-json\/wp\/v2\/product"}],"about":[{"href":"https:\/\/paulusminiatures.com\/it\/wp-json\/wp\/v2\/types\/product"}],"wp:featuredmedia":[{"embeddable":true,"href":"https:\/\/paulusminiatures.com\/it\/wp-json\/wp\/v2\/media\/5273"}],"wp:attachment":[{"href":"https:\/\/paulusminiatures.com\/it\/wp-json\/wp\/v2\/media?parent=3677"}],"wp:term":[{"taxonomy":"product_brand","embeddable":true,"href":"https:\/\/paulusminiatures.com\/it\/wp-json\/wp\/v2\/product_brand?post=3677"},{"taxonomy":"product_cat","embeddable":true,"href":"https:\/\/paulusminiatures.com\/it\/wp-json\/wp\/v2\/product_cat?post=3677"},{"taxonomy":"product_tag","embeddable":true,"href":"https:\/\/paulusminiatures.com\/it\/wp-json\/wp\/v2\/product_tag?post=3677"}],"curies":[{"name":"wp","href":"https:\/\/api.w.org\/{rel}","templated":true}]}}