{"id":4256,"date":"2021-06-21T18:28:31","date_gmt":"2021-06-21T18:28:31","guid":{"rendered":"https:\/\/paulusminiatures.com\/?post_type=product&#038;p=4256"},"modified":"2022-02-17T13:06:42","modified_gmt":"2022-02-17T13:06:42","slug":"tenda-individual","status":"publish","type":"product","link":"https:\/\/paulusminiatures.com\/it\/prodotto\/tenda-individual\/","title":{"rendered":"Tenda Individuale"},"content":{"rendered":"<p>Modelo \u00e0 escala em resina de alta qualidade, n\u00e3o pintado. Cont\u00e9m pe\u00e7as pequenas e fr\u00e1geis. Montagem necess\u00e1ria (com supercola em gel) por adulto ou maior de 14 anos. NOTA: A figura n\u00e3o est\u00e1 inclu\u00edda, consta na foto apenas para efeitos de compara\u00e7\u00e3o de escala.<\/p>","protected":false},"excerpt":{"rendered":"<p>Modelo \u00e0 escala em resina de alta qualidade, n\u00e3o pintado. Cont\u00e9m pe\u00e7as pequenas e fr\u00e1geis. Montagem necess\u00e1ria (com supercola em gel) por adulto ou maior de 14 anos. NOTA: A figura n\u00e3o est\u00e1 inclu\u00edda, consta na foto apenas para efeitos de compara\u00e7\u00e3o de escala.<\/p>","protected":false},"featured_media":4258,"template":"","meta":[],"product_brand":[],"product_cat":[201,195],"product_tag":[],"class_list":{"0":"post-4256","1":"product","2":"type-product","3":"status-publish","4":"has-post-thumbnail","6":"product_cat-acessorios","7":"product_cat-pre-historia","9":"first","10":"instock","11":"taxable","12":"shipping-taxable","13":"purchasable","14":"product-type-variable"},"aioseo_notices":[],"_links":{"self":[{"href":"https:\/\/paulusminiatures.com\/it\/wp-json\/wp\/v2\/product\/4256","targetHints":{"allow":["GET"]}}],"collection":[{"href":"https:\/\/paulusminiatures.com\/it\/wp-json\/wp\/v2\/product"}],"about":[{"href":"https:\/\/paulusminiatures.com\/it\/wp-json\/wp\/v2\/types\/product"}],"wp:featuredmedia":[{"embeddable":true,"href":"https:\/\/paulusminiatures.com\/it\/wp-json\/wp\/v2\/media\/4258"}],"wp:attachment":[{"href":"https:\/\/paulusminiatures.com\/it\/wp-json\/wp\/v2\/media?parent=4256"}],"wp:term":[{"taxonomy":"product_brand","embeddable":true,"href":"https:\/\/paulusminiatures.com\/it\/wp-json\/wp\/v2\/product_brand?post=4256"},{"taxonomy":"product_cat","embeddable":true,"href":"https:\/\/paulusminiatures.com\/it\/wp-json\/wp\/v2\/product_cat?post=4256"},{"taxonomy":"product_tag","embeddable":true,"href":"https:\/\/paulusminiatures.com\/it\/wp-json\/wp\/v2\/product_tag?post=4256"}],"curies":[{"name":"wp","href":"https:\/\/api.w.org\/{rel}","templated":true}]}}