{"id":4291,"date":"2021-06-21T19:34:27","date_gmt":"2021-06-21T19:34:27","guid":{"rendered":"https:\/\/paulusminiatures.com\/?post_type=product&#038;p=4291"},"modified":"2022-02-17T13:05:12","modified_gmt":"2022-02-17T13:05:12","slug":"conjunto-de-2-cranios-animais","status":"publish","type":"product","link":"https:\/\/paulusminiatures.com\/it\/prodotto\/conjunto-de-2-cranios-animais\/","title":{"rendered":"Conjunto de 2 Cr\u00e2nios Animais"},"content":{"rendered":"<p>Este conjunto cont\u00e9m 2 cr\u00e2nios (de Smilodon e Veado) em resina de alta qualidade, n\u00e3o pintadas, com pe\u00e7as pequenas e fr\u00e1geis. Montagem necess\u00e1ria (com supercola em gel) por adulto ou maior de 14 anos.<\/p>","protected":false},"excerpt":{"rendered":"<p>Este conjunto cont\u00e9m 2 cr\u00e2nios (de Smilodon e Veado) em resina de alta qualidade, n\u00e3o pintadas, com pe\u00e7as pequenas e fr\u00e1geis. Montagem necess\u00e1ria (com supercola em gel) por adulto ou maior de 14 anos.<\/p>","protected":false},"featured_media":4293,"template":"","meta":[],"product_brand":[],"product_cat":[201,195],"product_tag":[],"class_list":{"0":"post-4291","1":"product","2":"type-product","3":"status-publish","4":"has-post-thumbnail","6":"product_cat-acessorios","7":"product_cat-pre-historia","9":"first","10":"instock","11":"taxable","12":"shipping-taxable","13":"purchasable","14":"product-type-variable"},"aioseo_notices":[],"_links":{"self":[{"href":"https:\/\/paulusminiatures.com\/it\/wp-json\/wp\/v2\/product\/4291","targetHints":{"allow":["GET"]}}],"collection":[{"href":"https:\/\/paulusminiatures.com\/it\/wp-json\/wp\/v2\/product"}],"about":[{"href":"https:\/\/paulusminiatures.com\/it\/wp-json\/wp\/v2\/types\/product"}],"wp:featuredmedia":[{"embeddable":true,"href":"https:\/\/paulusminiatures.com\/it\/wp-json\/wp\/v2\/media\/4293"}],"wp:attachment":[{"href":"https:\/\/paulusminiatures.com\/it\/wp-json\/wp\/v2\/media?parent=4291"}],"wp:term":[{"taxonomy":"product_brand","embeddable":true,"href":"https:\/\/paulusminiatures.com\/it\/wp-json\/wp\/v2\/product_brand?post=4291"},{"taxonomy":"product_cat","embeddable":true,"href":"https:\/\/paulusminiatures.com\/it\/wp-json\/wp\/v2\/product_cat?post=4291"},{"taxonomy":"product_tag","embeddable":true,"href":"https:\/\/paulusminiatures.com\/it\/wp-json\/wp\/v2\/product_tag?post=4291"}],"curies":[{"name":"wp","href":"https:\/\/api.w.org\/{rel}","templated":true}]}}