{"id":4309,"date":"2021-06-21T20:14:20","date_gmt":"2021-06-21T20:14:20","guid":{"rendered":"https:\/\/paulusminiatures.com\/?post_type=product&#038;p=4309"},"modified":"2022-05-30T09:00:54","modified_gmt":"2022-05-30T09:00:54","slug":"rocha-com-gravuras","status":"publish","type":"product","link":"https:\/\/paulusminiatures.com\/it\/prodotto\/rocha-com-gravuras\/","title":{"rendered":"Roccia con incisioni"},"content":{"rendered":"<p>Modelo em resina de alta qualidade, n\u00e3o pintado. A figura n\u00e3o est\u00e1 inclu\u00edda, serve apenas para facilitar a compara\u00e7\u00e3o.<\/p>","protected":false},"excerpt":{"rendered":"<p>Modelo em resina de alta qualidade, n\u00e3o pintado. A figura n\u00e3o est\u00e1 inclu\u00edda, serve apenas para facilitar a compara\u00e7\u00e3o.<\/p>","protected":false},"featured_media":4310,"template":"","meta":[],"product_brand":[],"product_cat":[201,195],"product_tag":[],"class_list":{"0":"post-4309","1":"product","2":"type-product","3":"status-publish","4":"has-post-thumbnail","6":"product_cat-acessorios","7":"product_cat-pre-historia","9":"first","10":"instock","11":"taxable","12":"shipping-taxable","13":"product-type-variable"},"aioseo_notices":[],"_links":{"self":[{"href":"https:\/\/paulusminiatures.com\/it\/wp-json\/wp\/v2\/product\/4309","targetHints":{"allow":["GET"]}}],"collection":[{"href":"https:\/\/paulusminiatures.com\/it\/wp-json\/wp\/v2\/product"}],"about":[{"href":"https:\/\/paulusminiatures.com\/it\/wp-json\/wp\/v2\/types\/product"}],"wp:featuredmedia":[{"embeddable":true,"href":"https:\/\/paulusminiatures.com\/it\/wp-json\/wp\/v2\/media\/4310"}],"wp:attachment":[{"href":"https:\/\/paulusminiatures.com\/it\/wp-json\/wp\/v2\/media?parent=4309"}],"wp:term":[{"taxonomy":"product_brand","embeddable":true,"href":"https:\/\/paulusminiatures.com\/it\/wp-json\/wp\/v2\/product_brand?post=4309"},{"taxonomy":"product_cat","embeddable":true,"href":"https:\/\/paulusminiatures.com\/it\/wp-json\/wp\/v2\/product_cat?post=4309"},{"taxonomy":"product_tag","embeddable":true,"href":"https:\/\/paulusminiatures.com\/it\/wp-json\/wp\/v2\/product_tag?post=4309"}],"curies":[{"name":"wp","href":"https:\/\/api.w.org\/{rel}","templated":true}]}}