{"id":5180,"date":"2023-07-11T15:38:10","date_gmt":"2023-07-11T15:38:10","guid":{"rendered":"https:\/\/paulusminiatures.com\/?post_type=product&#038;p=5180"},"modified":"2024-06-11T09:31:57","modified_gmt":"2024-06-11T09:31:57","slug":"mulher-despejando-agua","status":"publish","type":"product","link":"https:\/\/paulusminiatures.com\/it\/prodotto\/mulher-despejando-agua\/","title":{"rendered":"Mulher Despejando \u00c1gua"},"content":{"rendered":"<div id=\"tab-description\" class=\"woocommerce-Tabs-panel woocommerce-Tabs-panel--description panel entry-content wc-tab\" role=\"tabpanel\" aria-labelledby=\"tab-title-description\">\n<p>Modelo 3D print em resina, n\u00e3o pintado. ATEN\u00c7\u00c3O: Pe\u00e7as muito fr\u00e1geis.<\/p>\n<\/div>","protected":false},"excerpt":{"rendered":"<p>Modelo 3D print em resina, n\u00e3o pintado. ATEN\u00c7\u00c3O: Pe\u00e7as muito fr\u00e1geis.<\/p>","protected":false},"featured_media":5534,"template":"","meta":[],"product_brand":[],"product_cat":[199],"product_tag":[],"class_list":{"0":"post-5180","1":"product","2":"type-product","3":"status-publish","4":"has-post-thumbnail","6":"product_cat-medieval","8":"first","9":"instock","10":"taxable","11":"shipping-taxable","12":"purchasable","13":"product-type-variable"},"aioseo_notices":[],"_links":{"self":[{"href":"https:\/\/paulusminiatures.com\/it\/wp-json\/wp\/v2\/product\/5180","targetHints":{"allow":["GET"]}}],"collection":[{"href":"https:\/\/paulusminiatures.com\/it\/wp-json\/wp\/v2\/product"}],"about":[{"href":"https:\/\/paulusminiatures.com\/it\/wp-json\/wp\/v2\/types\/product"}],"wp:featuredmedia":[{"embeddable":true,"href":"https:\/\/paulusminiatures.com\/it\/wp-json\/wp\/v2\/media\/5534"}],"wp:attachment":[{"href":"https:\/\/paulusminiatures.com\/it\/wp-json\/wp\/v2\/media?parent=5180"}],"wp:term":[{"taxonomy":"product_brand","embeddable":true,"href":"https:\/\/paulusminiatures.com\/it\/wp-json\/wp\/v2\/product_brand?post=5180"},{"taxonomy":"product_cat","embeddable":true,"href":"https:\/\/paulusminiatures.com\/it\/wp-json\/wp\/v2\/product_cat?post=5180"},{"taxonomy":"product_tag","embeddable":true,"href":"https:\/\/paulusminiatures.com\/it\/wp-json\/wp\/v2\/product_tag?post=5180"}],"curies":[{"name":"wp","href":"https:\/\/api.w.org\/{rel}","templated":true}]}}