{"id":6047,"date":"2025-10-27T17:34:06","date_gmt":"2025-10-27T17:34:06","guid":{"rendered":"https:\/\/paulusminiatures.com\/?post_type=product&#038;p=6047"},"modified":"2025-10-27T17:36:20","modified_gmt":"2025-10-27T17:36:20","slug":"virginia-e-as-galinhas","status":"publish","type":"product","link":"https:\/\/paulusminiatures.com\/it\/prodotto\/virginia-e-as-galinhas\/","title":{"rendered":"Virginia e le Galline"},"content":{"rendered":"<p>Modelo \u00e0 escala em resina de alta qualidade, n\u00e3o pintado. Cont\u00e9m pe\u00e7as pequenas e fr\u00e1geis. Montagem necess\u00e1ria (com supercola em gel) por adulto ou maior de 14 anos.<\/p>","protected":false},"excerpt":{"rendered":"<p>Modelo \u00e0 escala em resina de alta qualidade, n\u00e3o pintado. Cont\u00e9m pe\u00e7as pequenas e fr\u00e1geis. Montagem necess\u00e1ria (com supercola em gel) por adulto ou maior de 14 anos.<\/p>","protected":false},"featured_media":6050,"template":"","meta":[],"product_brand":[],"product_cat":[199],"product_tag":[],"class_list":{"0":"post-6047","1":"product","2":"type-product","3":"status-publish","4":"has-post-thumbnail","6":"product_cat-medieval","8":"first","9":"instock","10":"taxable","11":"shipping-taxable","12":"purchasable","13":"product-type-variable"},"aioseo_notices":[],"_links":{"self":[{"href":"https:\/\/paulusminiatures.com\/it\/wp-json\/wp\/v2\/product\/6047","targetHints":{"allow":["GET"]}}],"collection":[{"href":"https:\/\/paulusminiatures.com\/it\/wp-json\/wp\/v2\/product"}],"about":[{"href":"https:\/\/paulusminiatures.com\/it\/wp-json\/wp\/v2\/types\/product"}],"wp:featuredmedia":[{"embeddable":true,"href":"https:\/\/paulusminiatures.com\/it\/wp-json\/wp\/v2\/media\/6050"}],"wp:attachment":[{"href":"https:\/\/paulusminiatures.com\/it\/wp-json\/wp\/v2\/media?parent=6047"}],"wp:term":[{"taxonomy":"product_brand","embeddable":true,"href":"https:\/\/paulusminiatures.com\/it\/wp-json\/wp\/v2\/product_brand?post=6047"},{"taxonomy":"product_cat","embeddable":true,"href":"https:\/\/paulusminiatures.com\/it\/wp-json\/wp\/v2\/product_cat?post=6047"},{"taxonomy":"product_tag","embeddable":true,"href":"https:\/\/paulusminiatures.com\/it\/wp-json\/wp\/v2\/product_tag?post=6047"}],"curies":[{"name":"wp","href":"https:\/\/api.w.org\/{rel}","templated":true}]}}